{"id":4972,"date":"2020-11-30T13:06:11","date_gmt":"2020-11-30T06:06:11","guid":{"rendered":"https:\/\/korea.com.vn\/shop\/san-pham\/import-placeholder-for-4847\/"},"modified":"2020-12-09T15:07:05","modified_gmt":"2020-12-09T08:07:05","slug":"son-duong-genie","status":"publish","type":"product","link":"https:\/\/korea.com.vn\/shop\/san-pham\/son-duong-genie\/","title":{"rendered":"SON D\u01af\u1ee0NG GENIE"},"content":{"rendered":"<p><strong>C\u00d4NG D\u1ee4NG<\/strong>: gi\u00fap duy tr\u00ec \u0111\u1ed9 \u1ea9m, gi\u1eef b\u1edd m\u00f4i c\u0103ng \u1ea9m, m\u01b0\u1ee3t m\u00e0, c\u0103ng m\u1ecdng, t\u1ea1o n\u00ean s\u1eafc m\u00f4i t\u1ef1 nhi\u00ean \u1eedng h\u1ed3ng trong tr\u1ebbo. \u0110\u0103c bi\u1ec7t c\u00f2n c\u00f3 c\u00f4ng d\u1ee5ng ch\u1ed1ng n\u1eafng b\u1ea3o v\u1ec7 m\u00f4i<br \/>\n<img src=\"https:\/\/vyparisspa.vn\/uploads\/editer\/images\/son-duong-genie-1.jpg\" alt=\"Son D\u01b0\u1ee1ng Genie\" \/><\/p>\n<p><strong>TH\u00c0NH PH\u1ea6N:<\/strong>\u00a0chi\u1ebft xu\u1ea5t ho\u00e0n to\u00e0n t\u1eeb th\u1ea3o d\u01b0\u1ee3c thi\u00ean nhi\u00ean (d\u1ea7u h\u1ea1t b\u01a1), kh\u00f4ng m\u00e0u, kh\u00f4ng m\u00f9i h\u1eafc, kh\u00f4ng paraben<br \/>\n<img src=\"https:\/\/vyparisspa.vn\/uploads\/editer\/images\/son-duong-genie-2.jpg\" alt=\"Son D\u01b0\u1ee1ng Genie\" \/><br \/>\n2 m\u00e0u tr\u1ebb trung<\/p>\n<ul>\n<li style=\"list-style-type: none\">\n<ul>\n<li>\u0110\u1ecf cam<\/li>\n<\/ul>\n<\/li>\n<\/ul>\n<ul>\n<li style=\"list-style-type: none\">\n<ul>\n<li>H\u1ed3ng cam<\/li>\n<\/ul>\n<\/li>\n<\/ul>\n<p><strong>G\u00eda: 520.000 vnd<\/strong><br \/>\n<strong><img src=\"https:\/\/vyparisspa.vn\/uploads\/editer\/images\/son-duong-genie-3.jpg\" alt=\"Son D\u01b0\u1ee1ng Genie\" \/><\/strong><\/p>\n<p>n<strong><img src=\"https:\/\/vyparisspa.vn\/uploads\/editer\/images\/son-duong-genie-4.jpg\" alt=\"Son D\u01b0\u1ee1ng Genie\" \/><\/strong><\/p>\n<p><strong><img src=\"https:\/\/vyparisspa.vn\/uploads\/editer\/images\/son-duong-genie-5.jpg\" alt=\"Son D\u01b0\u1ee1ng Genie\" \/><\/strong><\/p>\n","protected":false},"excerpt":{"rendered":"<p>Gi\u00fap duy tr\u00ec \u0111\u1ed9 \u1ea9m, gi\u1eef b\u1edd m\u00f4i c\u0103ng \u1ea9m, m\u01b0\u1ee3t m\u00e0, c\u0103ng m\u1ecdng, t\u1ea1o n\u00ean s\u1eafc m\u00f4i t\u1ef1 nhi\u00ean \u1eedng h\u1ed3ng trong tr\u1ebbo. \u0110\u0103c bi\u1ec7t c\u00f2n c\u00f3 c\u00f4ng d\u1ee5ng ch\u1ed1ng n\u1eafng b\u1ea3o v\u1ec7 m\u00f4i<\/p>\n","protected":false},"featured_media":1921,"comment_status":"closed","ping_status":"closed","template":"","meta":[],"_links":{"self":[{"href":"https:\/\/korea.com.vn\/shop\/wp-json\/wp\/v2\/product\/4972"}],"collection":[{"href":"https:\/\/korea.com.vn\/shop\/wp-json\/wp\/v2\/product"}],"about":[{"href":"https:\/\/korea.com.vn\/shop\/wp-json\/wp\/v2\/types\/product"}],"replies":[{"embeddable":true,"href":"https:\/\/korea.com.vn\/shop\/wp-json\/wp\/v2\/comments?post=4972"}],"wp:featuredmedia":[{"embeddable":true,"href":"https:\/\/korea.com.vn\/shop\/wp-json\/wp\/v2\/media\/1921"}],"wp:attachment":[{"href":"https:\/\/korea.com.vn\/shop\/wp-json\/wp\/v2\/media?parent=4972"}],"curies":[{"name":"wp","href":"https:\/\/api.w.org\/{rel}","templated":true}]}}