{"id":4973,"date":"2020-11-30T13:06:11","date_gmt":"2020-11-30T06:06:11","guid":{"rendered":"https:\/\/korea.com.vn\/shop\/san-pham\/import-placeholder-for-4848\/"},"modified":"2020-12-21T10:34:07","modified_gmt":"2020-12-21T03:34:07","slug":"tinh-chat-se-nho-lo-chan-long-pore-perfector-cua-demar-cell-87","status":"publish","type":"product","link":"https:\/\/korea.com.vn\/shop\/san-pham\/tinh-chat-se-nho-lo-chan-long-pore-perfector-cua-demar-cell-87\/","title":{"rendered":"N\u01b0\u1edbc th\u1ea7n PORE PERFECTOR DERMA CELL87"},"content":{"rendered":"<p>Tinh ch\u1ea5t se kh\u00edt l\u1ed7 ch\u00e2n l\u00f4ng PORE PERFECTOR c\u1ee7a DEMAR CELL 87 c\u00f3 \u0111\u1ed9 c\u1ed3n G\u1ea6N NH\u01af B\u1eb0NG KH\u00d4NG do \u0111\u00f3 ho\u00e0n to\u00e0n l\u00e0nh t\u00ednh cho da<br \/>\nV\u1edbi Th\u00e0nh ph\u1ea7n Diatomite \u0111\u01b0\u1ee3c b\u1ea3o t\u1ed3n h\u00e0ng ch\u1ee5c tri\u1ec7u n\u0103m t\u1ea1i h\u1ed3 Chapala, Mexico l\u00e0 nguy\u00ean li\u1ec7u c\u00f3 c\u1ea5u tr\u00fac x\u1ed1p \u0111\u1eb7c bi\u1ec7t, ch\u1ee9a v\u00f4 s\u1ed1 c\u00e1c l\u1ed7 nh\u1ecf li ti c\u00f3 kh\u1ea3 n\u0103ng th\u1ea5m h\u00fat m\u1ea1nh m\u1ebd c\u00e1c b\u1ee5i b\u1ea9n v\u00e0 b\u00e3 nh\u1eddn trong nh\u1eefng k\u1ebb h\u1edf nh\u1ecf v\u00e0 s\u00e2u trong l\u1ed7 ch\u00e2n l\u00f4ng<br \/>\n<img src=\"https:\/\/vyparisspa.vn\/uploads\/editer\/images\/QLHajiwon%20276.jpg\" alt=\"\" \/><br \/>\nTh\u00e0nh ph\u1ea7n tee tree ch\u1ee9a nhi\u1ec1u acid b\u00e9o, vitamin B,E v\u00e0 c\u00e1c th\u00e0nh ph\u1ea7n c\u00f3 l\u1ee3i cho da kh\u00e1c gi\u00fap l\u00e0m d\u1ecbu da, gi\u1ea3m vi\u00eam, s\u00e1ng da v\u00e0 ch\u1ed1ng l\u00e3o h\u00f3a.<br \/>\nS\u1ea3n ph\u1ea9m \u0111\u01b0\u1ee3c nhi\u1ec1u ng\u01b0\u1eddi \u01b0u chu\u1ed9ng trong d\u01b0\u1ee1ng tr\u1eafng da, c\u1ea3i thi\u1ec7n r\u00f5 r\u1ec7t l\u00e0n da c\u00f3 v\u1ea5n \u0111\u1ec1 v\u1ec1 s\u1ea1m, kh\u00f4, l\u1ed7 ch\u00e2n l\u00f4ng to.<\/p>\n<p>C\u00f4ng d\u1ee5ng ch\u00ednh:<br \/>\n&#8211; T\u00e1c d\u1ee5ng ch\u1ed1ng vi\u00eam<br \/>\n&#8211; L\u00e0m m\u1ec1m v\u00e0 d\u01b0\u1ee1ng \u1ea9m<br \/>\n&#8211; Gi\u1ea3m s\u1ef1 h\u00ecnh th\u00e0nh n\u1ebfp nh\u0103n, l\u00e0n da m\u1ecbn m\u00e0ng<br \/>\n&#8211; Se kh\u00edt v\u00e0 thu nh\u1ecf l\u1ed7 ch\u00e2n l\u00f4ng<\/p>\n<p>H\u01b0\u1edbng d\u1eabn s\u1eed d\u1ee5ng:<br \/>\n\u2022 Sau khi r\u1eeda m\u1eb7t, d\u00f9ng b\u00f4ng t\u1ea9y trang th\u1ea5m 1 l\u01b0\u1ee3ng v\u1eeba \u0111\u1ee7 r\u1ed3i lau s\u1ea1ch theo chi\u1ec1u c\u1ea5u t\u1ea1o da, d\u00f9ng tay v\u1ed7 nh\u1eb9 l\u00ean da \u0111\u1ec3 d\u01b0\u1ee1ng ch\u1ea5t \u0111\u01b0\u1ee3c th\u1ea9m th\u1ea5u. S\u1eed d\u1ee5ng 2 l\u1ea7n\/ng\u00e0y v\u00e0o s\u00e1ng v\u00e0 t\u1ed1i.<br \/>\n[Th\u00e0nh ph\u1ea7n] Chi\u1ebft xu\u1ea5t r\u1ec5 c\u00e2y kh\u1ed5 s\u00e2m, Chi\u1ebft xu\u1ea5t Chi Platycarya, Chi\u1ebft xu\u1ea5t qu\u1ea3 ph\u00e1 c\u1ed5 ch\u1ec9, Chi\u1ebft xu\u1ea5t l\u00e1 rau m\u00e1, Tinh d\u1ea7u l\u00e1 tr\u00e0m tr\u00e0,<br \/>\n<img src=\"https:\/\/vyparisspa.vn\/uploads\/editer\/images\/QLHajiwon%20277%20(1).jpg\" alt=\"\" \/><\/p>\n","protected":false},"excerpt":{"rendered":"<p>Tinh ch\u1ea5t se kh\u00edt l\u1ed7 ch\u00e2n l\u00f4ng PORE PERFECTOR c\u1ee7a DEMAR CELL 87 c\u00f3 \u0111\u1ed9 c\u1ed3n G\u1ea6N NH\u01af B\u1eb0NG KH\u00d4NG do \u0111\u00f3 ho\u00e0n to\u00e0n l\u00e0nh t\u00ednh cho da V\u1edbi Th\u00e0nh ph\u1ea7n Diatomite \u0111\u01b0\u1ee3c b\u1ea3o t\u1ed3n h\u00e0ng ch\u1ee5c tri\u1ec7u n\u0103m t\u1ea1i h\u1ed3 Chapala, Mexico l\u00e0 nguy\u00ean li\u1ec7u c\u00f3 c\u1ea5u tr\u00fac x\u1ed1p \u0111\u1eb7c bi\u1ec7t, ch\u1ee9a v\u00f4 s\u1ed1 c\u00e1c l\u1ed7 nh\u1ecf li ti c\u00f3 kh\u1ea3 n\u0103ng th\u1ea5m h\u00fat m\u1ea1nh m\u1ebd c\u00e1c b\u1ee5i b\u1ea9n v\u00e0 b\u00e3 nh\u1eddn trong nh\u1eefng k\u1ebb h\u1edf nh\u1ecf v\u00e0 s\u00e2u trong l\u1ed7 ch\u00e2n l\u00f4ng<\/p>\n","protected":false},"featured_media":1923,"comment_status":"closed","ping_status":"closed","template":"","meta":[],"_links":{"self":[{"href":"https:\/\/korea.com.vn\/shop\/wp-json\/wp\/v2\/product\/4973"}],"collection":[{"href":"https:\/\/korea.com.vn\/shop\/wp-json\/wp\/v2\/product"}],"about":[{"href":"https:\/\/korea.com.vn\/shop\/wp-json\/wp\/v2\/types\/product"}],"replies":[{"embeddable":true,"href":"https:\/\/korea.com.vn\/shop\/wp-json\/wp\/v2\/comments?post=4973"}],"wp:featuredmedia":[{"embeddable":true,"href":"https:\/\/korea.com.vn\/shop\/wp-json\/wp\/v2\/media\/1923"}],"wp:attachment":[{"href":"https:\/\/korea.com.vn\/shop\/wp-json\/wp\/v2\/media?parent=4973"}],"curies":[{"name":"wp","href":"https:\/\/api.w.org\/{rel}","templated":true}]}}