{"id":4974,"date":"2020-11-30T13:06:11","date_gmt":"2020-11-30T06:06:11","guid":{"rendered":"https:\/\/korea.com.vn\/shop\/san-pham\/import-placeholder-for-4850\/"},"modified":"2020-12-09T15:07:05","modified_gmt":"2020-12-09T08:07:05","slug":"mat-na-dna-ca-hoi","status":"publish","type":"product","link":"https:\/\/korea.com.vn\/shop\/san-pham\/mat-na-dna-ca-hoi\/","title":{"rendered":"M\u1eb6T N\u1ea0 DNA C\u00c1 H\u1ed2I"},"content":{"rendered":"<p><strong>TH\u00c0NH PH\u1ea6N<\/strong>: chi\u1ebft xu\u1ea5t tinh ch\u1ea5t t\u1eeb c\u00e1 h\u1ed3i t\u01b0\u01a1i.<\/p>\n<p><img src=\"https:\/\/vyparisspa.vn\/uploads\/editer\/images\/mat-na-dna-ca-hoi-1.jpg\" alt=\"M\u1eb7t N\u1ea1 DNA C\u00e1 H\u1ed3i\" \/><\/p>\n<p><img src=\"https:\/\/vyparisspa.vn\/uploads\/editer\/images\/mat-na-dna-ca-hoi-2.jpg\" alt=\"M\u1eb7t N\u1ea1 DNA C\u00e1 H\u1ed3i\" \/><\/p>\n<p><strong>C\u00d4NG D\u1ee4NG<\/strong><\/p>\n<ul>\n<li style=\"list-style-type: none\">\n<ul>\n<li>C\u1ea5p \u1ea9m, d\u01b0\u1ee1ng tr\u1eafng da, m\u1edd th\u00e2m. H\u1ed7 tr\u1ee3 \u0111i\u1ec1u tr\u1ecb n\u00e1m, t\u00e0n nhang.<\/li>\n<\/ul>\n<\/li>\n<\/ul>\n<ul>\n<li style=\"list-style-type: none\">\n<ul>\n<li>\u00a0Ph\u1ee5c h\u1ed3i da y\u1ebfu, da t\u1ed5n th\u01b0\u01a1ng.<\/li>\n<\/ul>\n<\/li>\n<\/ul>\n<p><img src=\"https:\/\/vyparisspa.vn\/uploads\/editer\/images\/mat-na-dna-ca-hoi-3.jpg\" alt=\"M\u1eb7t N\u1ea1 DNA C\u00e1 H\u1ed3i\" \/><\/p>\n<p><img src=\"https:\/\/vyparisspa.vn\/uploads\/editer\/images\/mat-na-dna-ca-hoi-4.jpg\" alt=\"M\u1eb7t N\u1ea1 DNA C\u00e1 H\u1ed3i\" \/><\/p>\n<ul>\n<li style=\"list-style-type: none\">\n<ul>\n<li>D\u00f9ng sau khi l\u0103n kim, phi kim, c\u1ea5y mulgwang hay b\u1eafn laser \u0111\u1ec1u r\u1ea5t t\u1ed1t, da l\u00e0nh nhanh.Ch\u1ed1ng l\u00e3o ho\u00e1.<\/li>\n<\/ul>\n<\/li>\n<\/ul>\n<ul>\n<li style=\"list-style-type: none\">\n<ul>\n<li>\u0110\u1eafp \u0111\u01b0\u1ee3c c\u1ea3 m\u1eb7t &amp; c\u1ed5. Hi\u1ebfm c\u00f3 lo\u1ea1i mask n\u00e0o tr\u00ean th\u1ecb tr\u01b0\u1eddng m\u00e0 \u0111\u1eafp \u0111\u01b0\u1ee3c C\u1ed4 nh\u01b0 e n\u00e0y \u0111\u00e2u<\/li>\n<\/ul>\n<\/li>\n<\/ul>\n<p>GI\u00c1: 390.000\/ H\u1ed8P 4 MI\u1ebeNG<\/p>\n","protected":false},"excerpt":{"rendered":"<p>Chi\u1ebft xu\u1ea5t tinh ch\u1ea5t t\u1eeb c\u00e1 h\u1ed3i t\u01b0\u01a1i<\/p>\n","protected":false},"featured_media":1925,"comment_status":"closed","ping_status":"closed","template":"","meta":[],"_links":{"self":[{"href":"https:\/\/korea.com.vn\/shop\/wp-json\/wp\/v2\/product\/4974"}],"collection":[{"href":"https:\/\/korea.com.vn\/shop\/wp-json\/wp\/v2\/product"}],"about":[{"href":"https:\/\/korea.com.vn\/shop\/wp-json\/wp\/v2\/types\/product"}],"replies":[{"embeddable":true,"href":"https:\/\/korea.com.vn\/shop\/wp-json\/wp\/v2\/comments?post=4974"}],"wp:featuredmedia":[{"embeddable":true,"href":"https:\/\/korea.com.vn\/shop\/wp-json\/wp\/v2\/media\/1925"}],"wp:attachment":[{"href":"https:\/\/korea.com.vn\/shop\/wp-json\/wp\/v2\/media?parent=4974"}],"curies":[{"name":"wp","href":"https:\/\/api.w.org\/{rel}","templated":true}]}}