{"id":4975,"date":"2020-11-30T13:06:12","date_gmt":"2020-11-30T06:06:12","guid":{"rendered":"https:\/\/korea.com.vn\/shop\/san-pham\/import-placeholder-for-4852\/"},"modified":"2020-12-09T15:07:05","modified_gmt":"2020-12-09T08:07:05","slug":"serum-body-tra-xanh","status":"publish","type":"product","link":"https:\/\/korea.com.vn\/shop\/san-pham\/serum-body-tra-xanh\/","title":{"rendered":"SERUM BODY TR\u00c0 XANH"},"content":{"rendered":"<p><strong>C\u00d4NG D\u1ee4NG\u00a0<\/strong>Serum k\u00edch si\u00eau tr\u1eafng, tr\u1eafng da to\u00e0n th\u00e2n sau 1 ph\u00fat, lo\u1ea1i b\u1ecf \u0111em s\u1ea1m ph\u1ee5c h\u1ed3i da ch\u00e1y n\u1eafng<br \/>\n<strong>TH\u00c0NH PH\u1ea6N:<\/strong>\u00a0tinh ch\u1ea5t tr\u00e0 xanh, nh\u00e2n s\u00e2m cao ly, tinh d\u1ea7u ng\u1ef1a, 5000mg collagen th\u1ee7y ph\u00e2n<\/p>\n<p><img src=\"https:\/\/vyparisspa.vn\/uploads\/editer\/images\/serum-body-tra-xanh-nho-2.jpg\" alt=\"Serum Body Tr\u00e0 Xanh Nh\u1ecf 250ml\" \/><\/p>\n<p>GI\u00c1:<br \/>\nCHAI NH\u1ece 50ML\/ 470,000 vn\u0111<br \/>\nCHAI L\u1edaN 250ML\/ 1.250.000 vn\u0111<\/p>\n","protected":false},"excerpt":{"rendered":"<p>Serum k\u00edch si\u00eau tr\u1eafng, tr\u1eafng da to\u00e0n th\u00e2n sau 1 ph\u00fat, lo\u1ea1i b\u1ecf \u0111em s\u1ea1m ph\u1ee5c h\u1ed3i da ch\u00e1y n\u1eafng<\/p>\n","protected":false},"featured_media":1927,"comment_status":"closed","ping_status":"closed","template":"","meta":[],"_links":{"self":[{"href":"https:\/\/korea.com.vn\/shop\/wp-json\/wp\/v2\/product\/4975"}],"collection":[{"href":"https:\/\/korea.com.vn\/shop\/wp-json\/wp\/v2\/product"}],"about":[{"href":"https:\/\/korea.com.vn\/shop\/wp-json\/wp\/v2\/types\/product"}],"replies":[{"embeddable":true,"href":"https:\/\/korea.com.vn\/shop\/wp-json\/wp\/v2\/comments?post=4975"}],"wp:featuredmedia":[{"embeddable":true,"href":"https:\/\/korea.com.vn\/shop\/wp-json\/wp\/v2\/media\/1927"}],"wp:attachment":[{"href":"https:\/\/korea.com.vn\/shop\/wp-json\/wp\/v2\/media?parent=4975"}],"curies":[{"name":"wp","href":"https:\/\/api.w.org\/{rel}","templated":true}]}}