{"id":4976,"date":"2020-11-30T13:06:12","date_gmt":"2020-11-30T06:06:12","guid":{"rendered":"https:\/\/korea.com.vn\/shop\/san-pham\/import-placeholder-for-4853\/"},"modified":"2020-12-09T15:07:05","modified_gmt":"2020-12-09T08:07:05","slug":"son-moi-cao-cap-paris-choi","status":"publish","type":"product","link":"https:\/\/korea.com.vn\/shop\/san-pham\/son-moi-cao-cap-paris-choi\/","title":{"rendered":"SON M\u00d4I CAO C\u1ea4P PARIS CHOI"},"content":{"rendered":"<p>Ch\u1ea5t son si\u00eau l\u00ec theo d\u00f2ng Soft-Matte v\u1edbi \u0111\u1ed9 b\u00e1m m\u00e0u tr\u00ean 12 gi\u1edd, ph\u1ee7 m\u00e0u tuy\u1ec7t v\u1eddi tr\u00ean m\u00f4i, kh\u00f4ng tr\u00f4i n\u01b0\u1edbc, kh\u00f4ng l\u00e0m l\u1ed9 v\u00e2n m\u00f4i<\/p>\n<p><img src=\"https:\/\/vyparisspa.vn\/uploads\/editer\/images\/son-paris-choi-1.jpg\" alt=\"Son M\u00f4i Cao C\u1ea5p Paris Choi\" \/><\/p>\n<p><img src=\"https:\/\/vyparisspa.vn\/uploads\/editer\/images\/son-paris-choi-2.jpg\" alt=\"Son M\u00f4i Cao C\u1ea5p Paris Choi\" \/><\/p>\n<p><strong>TH\u00c0NH PH\u1ea6N<\/strong>: chi\u1ebft xu\u1ea5t t\u1eeb c\u00e1c th\u00e0nh ph\u1ea7n t\u1ef1 nhi\u00ean l\u00e0nh t\u00ednh, kh\u00f4ng ch\u1ee9a ch\u00ec v\u00e0 b\u1ed9t g\u00e2y kh\u00f4<\/p>\n<p><img src=\"https:\/\/vyparisspa.vn\/uploads\/editer\/images\/son-paris-choi-3.jpg\" alt=\"Son M\u00f4i Cao C\u1ea5p Paris Choi\" \/><\/p>\n<p><img src=\"https:\/\/vyparisspa.vn\/uploads\/editer\/images\/son-paris-choi-4.jpg\" alt=\"Son M\u00f4i Cao C\u1ea5p Paris Choi\" \/><br \/>\n<img src=\"https:\/\/vyparisspa.vn\/uploads\/editer\/images\/son-paris-choi-5.jpg\" alt=\"Son M\u00f4i Cao C\u1ea5p Paris Choi\" \/><br \/>\n<strong>5 M\u00e0u Son th\u1eddi th\u01b0\u1ee3ng<\/strong><br \/>\n#101 Honey Love<br \/>\n#105 Ruby Diamond<br \/>\n#108 Lady crush<br \/>\n#202 My Darling<br \/>\n#209 Fusion Girl<br \/>\n<strong>GI\u00c1 550.000<\/strong><br \/>\n<strong>M\u1ed9t s\u1ed1 h\u00ecnh \u1ea3nh s\u1ea3n ph\u1ea9m<\/strong><br \/>\n<img src=\"https:\/\/vyparisspa.vn\/uploads\/editer\/images\/son-paris-choi-6.jpg\" alt=\"Son M\u00f4i Cao C\u1ea5p Paris Choi\" \/><br \/>\n<img src=\"https:\/\/vyparisspa.vn\/uploads\/editer\/images\/son-paris-choi-7.jpg\" alt=\"Son M\u00f4i Cao C\u1ea5p Paris Choi\" \/><br \/>\n<img src=\"https:\/\/vyparisspa.vn\/uploads\/editer\/images\/son-paris-choi-8.jpg\" alt=\"Son M\u00f4i Cao C\u1ea5p Paris Choi\" \/><\/p>\n<p><img src=\"https:\/\/vyparisspa.vn\/uploads\/editer\/images\/son-paris-choi-9.jpg\" alt=\"Son M\u00f4i Cao C\u1ea5p Paris Choi\" \/><br \/>\nn<\/p>\n","protected":false},"excerpt":{"rendered":"<p>Ch\u1ea5t son si\u00eau l\u00ec theo d\u00f2ng Soft-Matte v\u1edbi \u0111\u1ed9 b\u00e1m m\u00e0u tr\u00ean 12 gi\u1edd, ph\u1ee7 m\u00e0u tuy\u1ec7t v\u1eddi tr\u00ean m\u00f4i, kh\u00f4ng tr\u00f4i n\u01b0\u1edbc, kh\u00f4ng l\u00e0m l\u1ed9 v\u00e2n m\u00f4i<\/p>\n","protected":false},"featured_media":1929,"comment_status":"closed","ping_status":"closed","template":"","meta":[],"_links":{"self":[{"href":"https:\/\/korea.com.vn\/shop\/wp-json\/wp\/v2\/product\/4976"}],"collection":[{"href":"https:\/\/korea.com.vn\/shop\/wp-json\/wp\/v2\/product"}],"about":[{"href":"https:\/\/korea.com.vn\/shop\/wp-json\/wp\/v2\/types\/product"}],"replies":[{"embeddable":true,"href":"https:\/\/korea.com.vn\/shop\/wp-json\/wp\/v2\/comments?post=4976"}],"wp:featuredmedia":[{"embeddable":true,"href":"https:\/\/korea.com.vn\/shop\/wp-json\/wp\/v2\/media\/1929"}],"wp:attachment":[{"href":"https:\/\/korea.com.vn\/shop\/wp-json\/wp\/v2\/media?parent=4976"}],"curies":[{"name":"wp","href":"https:\/\/api.w.org\/{rel}","templated":true}]}}