{"id":4977,"date":"2020-11-30T13:06:12","date_gmt":"2020-11-30T06:06:12","guid":{"rendered":"https:\/\/korea.com.vn\/shop\/san-pham\/import-placeholder-for-4854\/"},"modified":"2020-12-21T10:43:37","modified_gmt":"2020-12-21T03:43:37","slug":"kem-u-kich-trang-da-nhau-thai-cuu-derma-87-face","status":"publish","type":"product","link":"https:\/\/korea.com.vn\/shop\/san-pham\/kem-u-kich-trang-da-nhau-thai-cuu-derma-87-face\/","title":{"rendered":"\u1ee6 Face nhau thai c\u1eebu  DEMAR 87CELL"},"content":{"rendered":"<p>Chi\u1ebft xu\u1ea5t 100% nhau thai c\u1eebu t\u01b0\u01a1i New Zealand v\u00e0 tinh d\u1ea7u h\u1ea1t m\u1eafc ca &#8211; gi\u00fap da m\u1eb7t tr\u1eafng s\u00e1ng m\u1ecbn m\u00e0ng sau 30 ph\u00fat \u1ee7.<br \/>\n<strong>H\u01b0\u1edbng d\u1eabn s\u1eed d\u1ee5ng:<\/strong><br \/>\nSau khi r\u1eefa m\u1eb7t s\u1ea1ch l\u1ea5y 1 l\u01b0\u1ee3ng v\u1eeba \u0111\u1ee7 \u1ee7 l\u00ean da m\u1eb7t kho\u1ea3ng 30-45 Ph\u00fat.Sau \u0111\u00f3 r\u1eefa l\u1ea1i b\u1eb1ng n\u01b0\u1edbc \u1ea5m. S\u1eed d\u1ee5ng 1-2 l\u1ea7n\/ tu\u1ea7n \u0111\u1ec3 \u0111\u1ea1t k\u1ebft qu\u1ea3 t\u1ed1t nh\u1ea5t<br \/>\nL\u01b0u \u00fd:\u00a0 S\u1ea3n ph\u1ea9m ph\u00f9 h\u1ee3p v\u1edbi m\u1ecdi lo\u1ea1i da.<br \/>\nB\u1ea3o qu\u1ea3n: tr\u00e1nh \u0111\u1ec3 n\u01a1i \u1edf nhi\u1ec7t \u0111\u1ed9 cao v\u00e0 \u00e1nh n\u1eafng tr\u1ef1c ti\u1ebfp chi\u1ebfu v\u00e0o<br \/>\nH\u1ea1n s\u1eed d\u1ee5ng : Xem tr\u00ean bao b\u00ec ho\u1eb7c 3 n\u0103m k\u1ec3 t\u1eeb ng\u00e0y s\u1ea3n xu\u1ea5t<br \/>\nS\u1ea3n xu\u1ea5t:\u00a0 t\u1ea1i H\u00e0n Qu\u1ed1c<\/p>\n","protected":false},"excerpt":{"rendered":"<p>Chi\u1ebft xu\u1ea5t 100% nhau thai c\u1eebu t\u01b0\u01a1i New Zealand v\u00e0 tinh d\u1ea7u h\u1ea1t m\u1eafc ca &#8211; gi\u00fap da m\u1eb7t tr\u1eafng s\u00e1ng m\u1ecbn m\u00e0ng sau 30 ph\u00fat \u1ee7<\/p>\n","protected":false},"featured_media":1931,"comment_status":"closed","ping_status":"closed","template":"","meta":[],"_links":{"self":[{"href":"https:\/\/korea.com.vn\/shop\/wp-json\/wp\/v2\/product\/4977"}],"collection":[{"href":"https:\/\/korea.com.vn\/shop\/wp-json\/wp\/v2\/product"}],"about":[{"href":"https:\/\/korea.com.vn\/shop\/wp-json\/wp\/v2\/types\/product"}],"replies":[{"embeddable":true,"href":"https:\/\/korea.com.vn\/shop\/wp-json\/wp\/v2\/comments?post=4977"}],"wp:featuredmedia":[{"embeddable":true,"href":"https:\/\/korea.com.vn\/shop\/wp-json\/wp\/v2\/media\/1931"}],"wp:attachment":[{"href":"https:\/\/korea.com.vn\/shop\/wp-json\/wp\/v2\/media?parent=4977"}],"curies":[{"name":"wp","href":"https:\/\/api.w.org\/{rel}","templated":true}]}}