{"id":4978,"date":"2020-11-30T13:06:12","date_gmt":"2020-11-30T06:06:12","guid":{"rendered":"https:\/\/korea.com.vn\/shop\/san-pham\/import-placeholder-for-4856\/"},"modified":"2020-12-09T15:07:05","modified_gmt":"2020-12-09T08:07:05","slug":"serum-haenim-ultra-lift","status":"publish","type":"product","link":"https:\/\/korea.com.vn\/shop\/san-pham\/serum-haenim-ultra-lift\/","title":{"rendered":"SERUM HAENIM ULTRA-LIFT"},"content":{"rendered":"<p>Serum Haenim Ultra-lift b\u1ea3o v\u1eadt \u0111\u1ebfn t\u1eeb H\u00e0n Qu\u1ed1c, t\u00e1i t\u1ea1o da \u0111\u1ea9y l\u00f9i l\u00e3o h\u00f3a gi\u00fap l\u00e0n da gi\u1eef m\u00e3i v\u1ebb tr\u1ebb trung m\u1ecbn m\u00e0ng v\u00e0 kh\u1ecfe m\u1ea1nh.<\/p>\n<h2>Gi\u1edbi thi\u1ec7u s\u1ea3n ph\u1ea9m Ultra-lift Serum Haenim &#8211; HA+ 2500<\/h2>\n<p>nM\u1ed7i s\u1ea3n ph\u1ea9m ch\u0103m s\u00f3c da gi\u1eef m\u1ed9t vai tr\u00f2 \u0111\u1eb7c tr\u1ecb kh\u00e1c nhau. Serum l\u00e0 d\u00f2ng s\u1ea3n ph\u1ea9m \u0111\u1eb7c tr\u1ecb chuy\u00ean s\u00e2u, c\u00f3 kh\u1ea3 n\u0103ng th\u1ea9m th\u1ea5u s\u00e2u v\u00e0o b\u00ean trong l\u1edbp h\u1ea1 b\u00ec, c\u00f3 th\u00e0nh ph\u1ea7n ch\u1ee7 y\u1ebfu l\u00e0 c\u00e1c tinh ch\u1ea5t gi\u00e0u dinh d\u01b0\u1ee1ng nh\u01b0 vitamin, olive, axit amin, ch\u1ea5t ch\u1ed1ng oxy h\u00f3a,\u2026 gi\u1ea3i quy\u1ebft c\u00e1c v\u1ea5n \u0111\u1ec1 tr\u00ean da, nu\u00f4i d\u01b0\u1ee1ng c\u00e1c t\u1ebf b\u00e0o da m\u1edbi, tr\u1ea3 l\u1ea1i l\u00e0n da m\u1ecbn m\u00e0ng v\u00e0 kh\u1ecfe m\u1ea1nh. Serum Haenim l\u00e0 s\u1ea3n ph\u1ea9m si\u00eau huy\u1ebft thanh \u0111\u1ed9c quy\u1ec1n c\u1ee7a Hajiwon m\u1edbi ra m\u1eaft th\u1ecb tr\u01b0\u1eddng v\u1edbi c\u00f4ng d\u1ee5ng \u0111\u1eb7c tr\u1ecb n\u00e1m, ch\u1ed1ng l\u00e3o h\u00f3a v\u00e0 t\u00e1i t\u1ea1o da. S\u1ea3n ph\u1ea9m \u0111\u00e3 tr\u1ea3i qua m\u1ed9t qu\u00e1 tr\u00ecnh d\u00e0i nghi\u00ean c\u1ee9u v\u00e0 th\u1eed nghi\u1ec7m,t\u1eeb c\u00e1c chuy\u00ean gia m\u1ef9 ph\u1ea9m gi\u00e0u kinh nghi\u1ec7m c\u1ee7a Hajiwon theo chu\u1ea9n c\u00f4ng ngh\u1ec7 cao. V\u1edbi nh\u1eefng th\u00e0nh th\u1ea7n th\u1ea3o d\u01b0\u1ee3c qu\u00fd gi\u00e1, gi\u00e0u dinh d\u01b0\u1ee1ng, serum Haenim c\u00f3 kh\u1ea3 n\u0103ng th\u1ea9m th\u1ea5u t\u1ed1i \u0111a v\u00e0o t\u1eebng t\u1ebf n\u00e0o da, gi\u00fap lo\u1ea1i b\u1ecf c\u00e1c h\u1eafc s\u1eafc t\u1ed1, c\u00e1c t\u1ebf b\u00e0o da ch\u1ebft thay v\u00e0o \u0111\u00f3 l\u00e0 c\u00e1c t\u1ebf b\u00e0o m\u1edbi kh\u1ecfe m\u1ea1nh, t\u00e1i t\u1ea1o l\u00e0n da \u0111\u00e3 b\u1ecb l\u00e3o h\u00f3a tr\u1edf n\u00ean m\u1ecbn m\u00e0ng, t\u01b0\u01a1i tr\u1ebb h\u01a1n.\u00a0<img loading=\"lazy\" class=\"alignnone size-full wp-image-4415\" src=\"http:\/\/vyparisspa.vn\/wp-content\/uploads\/2017\/04\/20217089_2331632433728005_395530226_n.jpg\" alt=\"20217089_2331632433728005_395530226_n\" width=\"960\" height=\"640\" \/><\/p>\n<h2>C\u00f4ng d\u1ee5ng v\u00e0 \u0111\u1eb7c \u0111i\u1ec3m n\u1ed5i b\u1eadt c\u1ee7a Ultra-lift Serum Haenim<\/h2>\n<p>nUltra-lift Serum Haenim \u0111\u01b0\u1ee3c chi\u1ebft xu\u1ea5t t\u1eeb c\u00e1c tinh ch\u1ea5t d\u1ea1ng Nano Collagen t\u1ed5ng h\u1ee3p c\u00f3 kh\u1ea3 n\u0103ng th\u1ea9m th\u1ea5u c\u1ef1c s\u00e2u v\u00e0o b\u00ean trong l\u1edbp h\u1ea1 b\u00ec da m\u1ee9c \u0111\u1ed9 h\u1ea5p th\u1ee5 tinh ch\u1ea5t \u0111\u00f3 c\u00f3 th\u1ec3 l\u00ean \u0111\u1ebfn 10%. Cao h\u01a1n nhi\u1ec1u c\u00e1c m\u1ef9 ph\u1ea9m d\u1ea1ng kem th\u00f4ng th\u01b0\u1eddng khi thoa l\u00ean da, da ch\u1ec9 h\u1ea5p th\u1ee5 kho\u1ea3ng 2% d\u01b0\u1ee1ng ch\u1ea5t v\u00e0 d\u1eebng l\u1ea1i \u1edf l\u1edbp bi\u1ec3u b\u00ec da b\u00ean tr\u00ean. Tuy nhi\u00ean, l\u1edbp bi\u1ec3u b\u00ec \u0111\u00f3 ch\u1ec9 mang ch\u1ee9c n\u0103ng b\u1ea3o v\u1ec7 c\u01a1 th\u1ec3 ch\u1ee9 kh\u00f4ng h\u1ea5p th\u1ee5 n\u00ean hi\u1ec7u qu\u1ea3 ch\u0103m s\u00f3c da kh\u00f4ng cao. \u0110i\u1ec1u \u0111\u00f3 gi\u00fap Serum Haenim v\u01b0\u1ee3t tr\u1ed9i h\u01a1n h\u1eb3n c\u00e1c s\u1ea3n ph\u1ea9m kh\u00e1c trong vi\u1ec7c:<\/p>\n<ul>\n<li style=\"list-style-type: none\">\n<ul>\n<li>Lo\u1ea1i b\u1ecf c\u00e1c h\u1eafc s\u1eafc t\u1ed1 g\u00e2y n\u00e1m da,<\/li>\n<\/ul>\n<\/li>\n<\/ul>\n<ul>\n<li style=\"list-style-type: none\">\n<ul>\n<li>Ch\u1ed1ng oxy h\u00f3a g\u00e2y l\u00e3o ho\u00e1 da.<\/li>\n<\/ul>\n<\/li>\n<\/ul>\n<ul>\n<li style=\"list-style-type: none\">\n<ul>\n<li>K\u00edch th\u00edch s\u1ea3n sinh collagen gi\u00fap l\u1ea5p \u0111\u1ea7y c\u00e1c n\u1ebfp nh\u0103n,<\/li>\n<\/ul>\n<\/li>\n<\/ul>\n<ul>\n<li style=\"list-style-type: none\">\n<ul>\n<li>Se kh\u00edt l\u1ed7 ch\u00e2n l\u00f4ng,<\/li>\n<\/ul>\n<\/li>\n<\/ul>\n<ul>\n<li style=\"list-style-type: none\">\n<ul>\n<li>T\u00e1i d\u1ea1o da m\u1ea1nh, nu\u00f4i d\u01b0\u1ee1ng t\u1ebf b\u00e0o da kh\u1ecfe, tr\u1ea3 l\u1ea1i l\u00e0n da c\u0103n b\u00f3ng, t\u01b0\u01a1i s\u00e1ng .<\/li>\n<\/ul>\n<\/li>\n<\/ul>\n<p><img loading=\"lazy\" class=\"size-medium wp-image-3885 aligncenter\" src=\"http:\/\/vyparisspa.vn\/wp-content\/uploads\/2017\/04\/QLHajowon-038-300x300.jpg\" alt=\"QLHajowon 038\" width=\"300\" height=\"300\" \/><\/p>\n<h2>Th\u00e0nh ph\u1ea7n Serum<\/h2>\n<ul>\n<li style=\"list-style-type: none\">\n<ul>\n<li>Nh\u00e2n S\u00e2m Cao Ly, Nano Collagen , Th\u1ea3o D\u01b0\u1ee3c c\u00f3 t\u00e1c d\u1ee5ng lo\u1ea1i b\u1ecf h\u1eafc s\u1eafc t\u1ed1, l\u1ea5p \u0111\u1ea7y c\u00e1c n\u1ebfp nh\u0103n, t\u00e1i d\u1ea1o v\u00e0 nu\u00f4i d\u01b0\u1ee1ng da kh\u1ecfe.<\/li>\n<\/ul>\n<\/li>\n<\/ul>\n<ul>\n<li style=\"list-style-type: none\">\n<ul>\n<li>Matrixyl 2500 gi\u1eef vai tr\u00f2 ch\u1ed1ng l\u00e3o ho\u00e1, gi\u1ea3m n\u1ebfp nh\u0103n thay th\u1ebf cho Retin A, T\u0103ng s\u1ef1 t\u1ed5ng h\u1ee3p collagen l\u00ean \u0111\u1ebfn 2500 l\u1ea7n.<\/li>\n<\/ul>\n<\/li>\n<\/ul>\n<ul>\n<li style=\"list-style-type: none\">\n<ul>\n<li>Ngo\u00e0i ra serum c\u00f2n ch\u1ee9a th\u00eam Hyaluronic Acid (HA+) c\u00f3 t\u00e1c d\u1ee5ng c\u00e2n b\u1eb1ng \u0111\u1ed9 \u1ea9m, t\u0103ng \u0111\u1ed9 \u0111\u00e0n h\u1ed3i, ch\u1ed1ng l\u00e3o h\u00f3a.<\/li>\n<\/ul>\n<\/li>\n<\/ul>\n<p><img loading=\"lazy\" class=\"alignnone size-full wp-image-4453 aligncenter\" src=\"http:\/\/vyparisspa.vn\/wp-content\/uploads\/2017\/04\/serumface.jpg\" alt=\"serumface\" width=\"872\" height=\"960\" \/><\/p>\n<h2>C\u00e1ch S\u1eed d\u1ee5ng Ultra-lift Serum Haenim<\/h2>\n<p>Ultra-lift Serum Haenim l\u00e0 s\u1ea3n ph\u1ea9m chuy\u00ean d\u1ee5ng l\u00fd t\u01b0\u1edfng cho c\u00e1c li\u1ec7u ph\u00e1p l\u0103n kim, c\u00e1c Spa v\u00e0 \u0111\u1ea1i l\u00fd nh\u1eadp v\u1ec1 d\u00f9ng \u201cn\u1ed9i b\u1ed9\u201d. c\u00f3 th\u1ec3 s\u1eed d\u1ee5ng Serum Haenim \u0111\u1ec3 thoa tr\u1ef1c ti\u1ebfp l\u00ean da m\u1ed7i ng\u00e0y.Ho\u1eb7c k\u1ebft h\u1ee3p v\u1edbi m\u00e1y vi kim MTS c\u00f3 th\u1ec3 n\u00e2ng m\u1ee9c h\u1ea5p th\u1ee5 l\u00ean tr\u00ean 50%. C\u00f3 th\u1ec3 n\u00f3i v\u1edbi nh\u1eefng c\u00f4ng d\u1ee5ng tuy\u1ec7t v\u1eddi m\u00e0 s\u1ea3n ph\u1ea9m Ultra-lift Serum Haenim \u0111\u01b0\u1ee3c Hajiwon t\u00e2m huy\u1ebft cho ra \u0111\u1eddi s\u1ebd kh\u00f4ng l\u00e0m kh\u00e1ch h\u00e0ng th\u1ea5t v\u1ecdng khi t\u00ecm \u0111\u01b0\u1ee3c v\u1ecb c\u1ee9u tinh cho l\u00e0n da b\u1ecb s\u1ea1m n\u00e1m c\u1ee7a m\u00ecnh.<\/p>\n","protected":false},"excerpt":{"rendered":"<p>Serum Haenim Ultra-lift b\u1ea3o v\u1eadt \u0111\u1ebfn t\u1eeb H\u00e0n Qu\u1ed1c, t\u00e1i t\u1ea1o da \u0111\u1ea9y l\u00f9i l\u00e3o h\u00f3a gi\u00fap l\u00e0n da gi\u1eef m\u00e3i v\u1ebb tr\u1ebb trung m\u1ecbn m\u00e0ng v\u00e0 kh\u1ecfe m\u1ea1nh.<\/p>\n","protected":false},"featured_media":1933,"comment_status":"closed","ping_status":"closed","template":"","meta":[],"_links":{"self":[{"href":"https:\/\/korea.com.vn\/shop\/wp-json\/wp\/v2\/product\/4978"}],"collection":[{"href":"https:\/\/korea.com.vn\/shop\/wp-json\/wp\/v2\/product"}],"about":[{"href":"https:\/\/korea.com.vn\/shop\/wp-json\/wp\/v2\/types\/product"}],"replies":[{"embeddable":true,"href":"https:\/\/korea.com.vn\/shop\/wp-json\/wp\/v2\/comments?post=4978"}],"wp:featuredmedia":[{"embeddable":true,"href":"https:\/\/korea.com.vn\/shop\/wp-json\/wp\/v2\/media\/1933"}],"wp:attachment":[{"href":"https:\/\/korea.com.vn\/shop\/wp-json\/wp\/v2\/media?parent=4978"}],"curies":[{"name":"wp","href":"https:\/\/api.w.org\/{rel}","templated":true}]}}