{"id":5085,"date":"2020-12-17T15:54:15","date_gmt":"2020-12-17T08:54:15","guid":{"rendered":"https:\/\/korea.com.vn\/shop\/?post_type=product&#038;p=5085"},"modified":"2020-12-21T10:46:17","modified_gmt":"2020-12-21T03:46:17","slug":"muoi-tay-body-milky-and-almond-body","status":"publish","type":"product","link":"https:\/\/korea.com.vn\/shop\/san-pham\/muoi-tay-body-milky-and-almond-body\/","title":{"rendered":"Mu\u1ed1i t\u1ea9y body MILKY AND ALMOND BODY"},"content":{"rendered":"<p><big><span style=\"color: #151515;\">L\u00e0n da m\u1ecbn m\u00e0ng l\u00e0 m\u1ed9t trong nh\u1eefng mong mu\u1ed1n kh\u00f4ng ch\u1ec9 c\u1ee7a ri\u00eang ai m\u00e0 l\u00e0 c\u1ee7a h\u1ea7u h\u1ebft t\u1ea5t c\u1ea3 m\u1ecdi ng\u01b0\u1eddi v\u00e0 kh\u00f4ng ph\u00e2n bi\u1ec7t gi\u1edbi t\u00ednh.<\/span><\/big><\/p>\n<p><big><span style=\"color: #151515;\">Th\u1eadt may v\u00ec mong mu\u1ed1n n\u00e0y r\u1ea5t d\u1ec5 \u0111\u1ec3 th\u1ef1c hi\u1ec7n, khi b\u1ea1n gi\u00fap c\u01a1 th\u1ec3 \u0111\u1ea9y nhanh qu\u00e1 tr\u00ecnh \u0111\u00e0o th\u1ea3i l\u1edbp da ch\u1ebft \u0111\u01b0\u1ee3c s\u1ea3n sinh m\u1ed7i ng\u00e0y b\u1eb1ng c\u00e1ch d\u00f9ng s\u1ea3n ph\u1ea9m chuy\u00ean d\u1ee5ng t\u1ea9y da ch\u1ebft cho body.<\/span><\/big><\/p>\n<p><big><span style=\"color: #151515;\">N\u00f3 l\u00e0 s\u1ea3n ph\u1ea9m h\u1ed7 tr\u1ee3 \u0111\u1eafc l\u1ef1c cho c\u00f4ng cu\u1ed9c l\u1ea5y \u0111i nh\u1eefng l\u1edbp da c\u1eb1n c\u1ed7i n\u00e0y, \u0111\u1ec3 nh\u1eefng d\u01b0\u1ee1ng ch\u1ea5t b\u1ea1n thoa l\u00ean sau \u0111\u00f3 \u0111\u01b0\u1ee3c d\u00f9ng \u0111\u1ec3 nu\u00f4i d\u01b0\u1ee1ng l\u1edbp da m\u01a1n m\u1edfn m\u1edbi hi\u1ec7n di\u1ec7n.\u00a0<\/span><\/big><\/p>\n<p><big><span style=\"color: #151515;\">\u0110\u00f3 ch\u00ednh l\u00e0 s\u1ea3n ph\u1ea9m\u00a0<em><strong>Kem t\u1ea9y t\u1ebf b\u00e0o ch\u1ebft body Genie Derma87 Cell<\/strong><\/em><\/span><\/big><a href=\"https:\/\/truemart.vn\/mat-na-tay-te-bao-chet-genie-green-mask-5in1-p15793399.html\"><em>\u00a0<\/em><\/a><big><span style=\"color: #151515;\"><em><strong>Milky and Almond Body Scrub<\/strong><\/em>\u00a0d\u00e0nh cho v\u00f9ng da c\u01a1 th\u1ec3, gi\u00fap b\u1ea1n l\u1ea5y s\u1ea1ch \u0111i l\u1edbp da ch\u1ebft th\u00f4ng th\u01b0\u1eddng v\u00e0 cung c\u1ea5p\u00a0<strong>Gluta Collagen\u00a0<\/strong>h\u1ed7 tr\u1ee3 qu\u00e1 tr\u00ecnh thay \u0111\u1ed5i tone da.<\/span><\/big><\/p>\n<p><big><span style=\"color: #151515;\">\u0110\u00e2y l\u00e0 b\u01b0\u1edbc c\u01a1 b\u1ea3n nh\u01b0ng \u0111\u00f3ng vai tr\u00f2 quan tr\u1ecdng t\u1ea1o ti\u1ec1n \u0111\u1ec1 \u0111\u1ec3 c\u00f3 th\u1ec3 th\u1ef1c hi\u1ec7n tr\u01a1n tru c\u00f4ng cu\u1ed9c l\u00e0m tr\u1eafng da &amp; l\u00e0m m\u1ecbn da c\u01a1 th\u1ec3 \u0111\u1ea5y.\u00a0<\/span><\/big><\/p>\n<h3><big>Nh\u1eefng \u0111i\u1ec3m thu h\u00fat c\u1ee7a t\u1ea9y da ch\u1ebft Milky and Almond:<\/big><\/h3>\n<p><big>&#8211; \u0110\u1ea7u ti\u00ean ph\u1ea3i k\u1ec3 \u0111\u1ebfn b\u1ea3ng th\u00e0nh ph\u1ea7n \u0111\u1eb9p m\u1eaft\u00a0<strong>\u201cnatural\u201d<\/strong>\u00a0bao g\u1ed3m: s\u1eefa t\u01b0\u01a1i nguy\u00ean ch\u1ea5t, h\u1ea1nh nh\u00e2n, mu\u1ed1i bi\u1ec3n, vitamin A, C, E v\u00e0 c\u00e1c th\u1ea3o d\u01b0\u1ee3c thi\u00ean nhi\u00ean r\u1ea5t l\u00e0nh t\u00ednh v\u1edbi m\u1ecdi lo\u1ea1i da.\u00a0<\/big><\/p>\n<p><big>&#8211; C\u00e1c h\u1ea1t Scrub si\u00eau nhuy\u1ec5n nh\u1eb9 nh\u00e0ng di chuy\u1ec3n tr\u00ean da \u0111\u00e3 c\u00f3 th\u1ec3 l\u1ea5y s\u1ea1ch \u0111i c\u00e1c l\u1edbp da ch\u1ebft c\u0169 k\u0129 m\u00e0 kh\u00f4ng c\u1ea7n t\u00e1c \u0111\u1ed9ng ch\u00e0 s\u00e1t qu\u00e1 nhi\u1ec1u l\u1ea7n tr\u00ean da. B\u00ean c\u1ea1nh \u0111\u00f3 c\u00f2n cu\u1ed1n tr\u00f4i \u0111i nh\u1eefng b\u1ee5i b\u1ea9n, l\u01b0\u1ee3ng b\u00e3 nh\u1eddn t\u00edch t\u1ee5 tr\u1ea3 l\u1ea1i s\u1ef1 th\u00f4ng tho\u00e1ng cho da. Kh\u00f4ng \u0111\u1ec3 l\u1ea1i l\u1edbp m\u00e0ng, r\u00edt, b\u00ed b\u00e1ch.<\/big><\/p>\n<p><big>&#8211; Ti\u1ebfp theo l\u00e0 kh\u1ea3 n\u0103ng th\u00fac \u0111\u1ea9y s\u1ef1 h\u1ea5p th\u1ee5 c\u00e1c d\u01b0\u1ee1ng ch\u1ea5t t\u1ed1t h\u01a1n, c\u1ee7ng c\u1ed1 h\u00e0ng r\u00e0o b\u1ea3o v\u1ec7 da, nu\u00f4i d\u01b0\u1ee1ng \u0111\u1ec3 c\u00f3 l\u00e0n da m\u1ecbn m\u00e0ng.\u00a0<\/big><\/p>\n<p><big>&#8211; H\u01b0\u01a1ng th\u01a1m d\u1ecbu nh\u1eb9, quy\u1ebfn r\u0169 c\u1ee7a s\u1ea3n ph\u1ea9m \u0111em l\u1ea1i s\u1ebd ph\u1ee5c v\u1ee5 v\u1ec1 m\u1eb7t tinh th\u1ea7n c\u1ee7a b\u1ea1n \u0111\u01b0\u1ee3c th\u01b0 gi\u00e3n, mang l\u1ea1i c\u1ea3m gi\u00e1c t\u1eadn h\u01b0\u1edfng nh\u01b0 \u0111ang \u1edf Spa.<\/big><\/p>\n<p><big>&#8211; V\u1edbi c\u00f4ng ngh\u1ec7\u00a0Demar87 Cell Professional\u00a0th\u00ec cho d\u00f9 l\u00e0 s\u1ea3n ph\u1ea9m l\u00e0m s\u1ea1ch nh\u01b0ng v\u1eabn \u0111\u01b0\u1ee3c t\u00edch h\u1ee3p c\u00f4ng n\u0103ng l\u00e0m tr\u1eafng da, gi\u1eef g\u00ecn \u0111\u1ed9 s\u0103n ch\u1eafc, \u0111\u00e0n h\u1ed3i c\u1ee7a da nh\u1edd vi\u1ec7c cung c\u1ea5p\u00a0<em>Gluta Collagen<\/em>, \u0111\u1ed3ng th\u1eddi k\u00edch th\u00edch kh\u1ea3 n\u0103ng tu\u1ea7n ho\u00e0n, xo\u00e1 m\u1edd c\u00e1c v\u1ebft th\u00e2m, chai s\u1ea1m.<\/big><\/p>\n<p><big>&#8211; \u0110\u00e2y l\u00e0 nh\u1eefng b\u01b0\u1edbc nh\u1ecf trong qu\u00e1 tr\u00ecnh l\u00e0m ch\u1eadm s\u1ef1 x\u00e2m l\u1ea5n c\u1ee7a l\u00e3o ho\u00e1.\u00a0<\/big><\/p>\n<p><big>B\u00ean c\u1ea1nh \u0111\u00f3,\u00a0t\u1ea9y t\u1ebf b\u00e0o ch\u1ebft Milky Almond\u00a0c\u00f2n l\u00e0 s\u1ea3n ph\u1ea9m n\u1eb1m trong b\u1ed9 d\u01b0\u1ee1ng da body cao c\u1ea5p c\u1ee7a\u00a0Genie\u00a0\u0111\u01b0\u1ee3c c\u00e1c spa v\u00e0 vi\u1ec7n da t\u1ea1i H\u00e0n tin d\u00f9ng \u0111\u1ec3 tr\u1ecb li\u1ec7u da cho kh\u00e1ch h\u00e0ng.<\/big><\/p>\n<p><a href=\"https:\/\/truemart.vn\/tay-te-bao-da-chet-ohui-clear-science-soft-peeling-sample-100ml-p7702773.html\"><img src=\"https:\/\/genie.com.vn\/wp-content\/uploads\/2019\/05\/tay-te-bao-chet-body-demar87-cell-genie-milky-and-almond-body-scrub.jpg\" alt=\"Related image\" \/><\/a><\/p>\n<h2><strong><big>Ngu\u1ed3n g\u1ed1c v\u00e0 m\u00f4 t\u1ea3 chi ti\u1ebft s\u1ea3n ph\u1ea9m:<\/big><\/strong><\/h2>\n<p><big>Milky and Almond\u00a0thu\u1ed9c quy\u1ec1n s\u1edf h\u1eefu c\u1ee7a Genie Co.op t\u1ea1i H\u00e0n Qu\u1ed1c, h\u00e3ng cho ra m\u1eaft r\u1ea5t nhi\u1ec1u d\u00f2ng t\u1eeb ch\u0103m s\u00f3c da m\u1eb7t, da c\u01a1 th\u1ec3 b\u1eb1ng \u0111\u01b0\u1eddng thoa, \u0111\u01b0\u1eddng u\u1ed1ng, \u0111\u1ec3 c\u1ea3i thi\u1ec7n v\u00e0 gi\u1eef g\u00ecn s\u1ef1 tr\u1ebb trung, tr\u1eafng s\u00e1ng, m\u1ecbn m\u00e0ng ho\u00e0n h\u1ea3o nh\u1ea5t cho da v\u00e0 c\u00f2n c\u00f3 c\u00e1c s\u1ea3n ph\u1ea9m ph\u1ee5c v\u1ee5 cho vi\u1ec7c make up.<\/big><\/p>\n<p><big>\u0110\u00e2y l\u00e0 s\u1ea3n ph\u1ea9m th\u1ee9 4 c\u1ee7a h\u00e3ng trong chu\u1ed7i\u00a0\u201cTake care of your body skin\u201d\u00a0<\/big><\/p>\n<h4><big><strong><u>M\u00f4 t\u1ea3 chi ti\u1ebft s\u1ea3n ph\u1ea9m:<\/u><\/strong><\/big><\/h4>\n<p><big>&#8211; T\u00ean \u0111\u1ea7y \u0111\u1ee7:\u00a0Milky and Almond Body Scrub.<\/big><\/p>\n<p><big>&#8211; Thu\u1ed9c d\u00f2ng:\u00a0Demar87 Cell Genie Professional<\/big><\/p>\n<p><big>&#8211; Dung t\u00edch:\u00a0500 gram.<\/big><\/p>\n<p><big>&#8211; Texture:\u00a0Gi\u1ed1ng nh\u01b0 s\u00e1p s\u1eefa m\u1ec1m + nh\u1eefng h\u1ea1t mu\u1ed1i bi\u1ec3n nh\u1ecf liti, r\u1ea5t d\u1ec5 th\u1ef1c hi\u1ec7n thao t\u00e1c tr\u00ean da.<\/big><\/p>\n<p><big>&#8211; T\u1ea7n su\u1ea5t d\u00f9ng:\u00a01 \u2013 2 l\u1ea7n trong 1 tu\u1ea7n l\u00e0 tuy\u1ec7t v\u1eddi nh\u1ea5t cho c\u01a1 ch\u1ebf ho\u1ea1t \u0111\u1ed9ng c\u1ee7a da<\/big><\/p>\n<h4><big><strong><u>H\u01b0\u1edbng d\u1eabn s\u1eed d\u1ee5ng:<\/u><\/strong><\/big><\/h4>\n<p><big>B\u01b0\u1edbc 1:\u00a0L\u00e0m \u01b0\u1edbt s\u01a1 to\u00e0n b\u1ed9 c\u01a1 th\u1ec3.<\/big><\/p>\n<p><big>B\u01b0\u1edbc 2:\u00a0Ti\u1ebfn h\u00e0nh thoa + massage s\u1ea3n ph\u1ea9m tr\u00ean da (t\u1eadp trung t\u1ea1i c\u00e1c v\u00f9ng chai s\u1ea1m v\u00e0 th\u00e2m \u0111en, khi b\u1ea1n thoa b\u1ea1n n\u00ean h\u1ea1n ch\u1ebf thoa theo h\u01b0\u1edbng ch\u1ea3y x\u1ec7 c\u1ee7a da v\u1ec1 sau n\u00e0y nh\u00e9).<\/big><\/p>\n<p><big>B\u01b0\u1edbc 3:\u00a0L\u00e0m s\u1ea1ch l\u1ea1i v\u1edbi n\u01b0\u1edbc v\u00e0 t\u1eafm v\u1edbi s\u1eefa t\u1eafm d\u01b0\u1ee1ng tr\u1eafng c\u00f9ng b\u1ed9\u00a0Genie body..<\/big><\/p>\n<p><big>Vi\u1ec7c k\u1ebft h\u1ee3p tr\u1ecdn b\u1ed9 s\u1ea3n ph\u1ea9m ch\u0103m s\u00f3c v\u00f9ng da c\u01a1 th\u1ec3 c\u1ee7a\u00a0Genie\u00a0s\u1ebd mang l\u1ea1i cho b\u1ea1n \u0111\u1ed9 hi\u1ec7u qu\u1ea3 cao, nhanh v\u00e0 t\u1ed1t nh\u1ea5t.<\/big><\/p>\n<p><big>L\u00e0n da b\u1ea1n tr\u00f4ng l\u00fac n\u00e0o c\u0169ng tr\u1eafng s\u00e1ng \u2013 m\u1ecbn m\u00e0ng \u2013 c\u0103ng b\u00f3ng \u2013 m\u01b0\u1edbt m\u00e1t nh\u01b0 th\u1ef1c hi\u1ec7n m\u1ed9t chu tr\u00ecnh t\u1eafm tr\u1eafng t\u1ea1i spa. (<em>v\u00ec n\u00f3 c\u0169ng l\u00e0 d\u00f2ng chuy\u00ean d\u1ee5ng t\u1ea1i spa \u1edf H\u00e0n\u00a0<\/em>).<\/big><\/p>\n<h3><strong>B\u1ea3ng th\u00e0nh ph\u1ea7n c\u1ee7a\u00a0nh\u00e0 Genie:<\/strong><\/h3>\n<p>&#8211; Mu\u1ed1i bi\u1ec3n &#8211; ch\u01b0a nhi\u1ec1u kho\u00e1ng ch\u1ea5t<\/p>\n<p>&#8211; S\u1eefa t\u01b0\u01a1i nguy\u00ean ch\u1ea5t- gi\u00e0u h\u00e0m l\u01b0\u1ee3ng vitamin v\u00e0 axit lactic<\/p>\n<p>&#8211; C\u00e1c lo\u1ea1i vitamin A, C, E<\/p>\n<p>&#8211; Tinh ch\u1ea5t h\u1ea1nh nh\u00e2n<\/p>\n<p><a href=\"https:\/\/truemart.vn\/mat-na-ca-hoi-yoona-dna-salmon-mask-pack-facial-neck-p15821148.html\"><img src=\"https:\/\/spathucuc.vn\/wp-content\/uploads\/2017\/03\/tay-da-chet-bang-muoi-sua-chua.jpg\" alt=\"Image result for chi\u00e1\u00ba\u00bft xu\u00e1\u00ba\u00a5t thi\u00c3\u00aan nhi\u00c3\u00aan mu\u00e1\u00bbi bi\u00e1\u00bbn s\u00e1\u00bb\u00afa t\u00c6\u00b0\u00c6\u00a1i\" \/><\/a><\/p>\n<p><big>Ngo\u00e0i ra, c\u00f2n k\u1ebft th\u00eam m\u1ed9t s\u1ed1 lo\u1ea1i th\u1ea3o d\u01b0\u1ee3c thi\u00ean nhi\u00ean kh\u00e1c \u0111\u1ec3 h\u1ed7 tr\u1ee3 th\u00eam cho c\u00e1c qu\u00e1 tr\u00ecnh tr\u00ean.<\/big><\/p>\n<p><big>Thay v\u00ec b\u1ea1n ph\u1ea3i t\u1ed1n th\u1eddi gian, c\u00f4ng s\u1ee9c t\u00ecm mua t\u1eebng nguy\u00ean li\u1ec7u an to\u00e0n v\u1ec1 v\u00e0 t\u1ef1 l\u00e0m th\u00ec gi\u1edd \u0111\u00e2y\u00a0Genie\u00a0s\u1ebd gi\u00fap b\u1ea1n l\u00e0m thay h\u1ebft v\u1edbi:<\/big><\/p>\n<p><big>&#8211; Li\u1ec1u\u00a0l\u01b0\u1ee3ng th\u00e0nh ph\u1ea7n ph\u00f9 h\u1ee3p v\u00e0 \u0111\u00fang chu\u1ea9n.<\/big><\/p>\n<p><big>&#8211; \u0110\u01b0\u1ee3c s\u1ea3n xu\u1ea5t theo d\u00e2y chuy\u1ec1n hi\u1ec7n \u0111\u1ea1i, t\u00edch h\u1ee3p c\u00e1c bi\u1ec7n ph\u00e1p kh\u00e1ng khu\u1ea9n.<\/big><\/p>\n<p><big>&#8211; Ho\u00e0n to\u00e0n l\u01b0u gi\u1eef trong kho\u1ea3ng th\u1eddi gian r\u1ea5t l\u00e2u.<\/big><\/p>\n<p><big>&#8211; \u0110\u1eb7c bi\u1ec7t h\u01a1n v\u1edbi kh\u1ea3 n\u0103ng si\u00eau l\u00e0m tr\u1eafng \u0111\u1eb7c tr\u01b0ng c\u1ee7a nh\u00e0\u00a0Genie.<\/big><\/p>\n<p><big>&#8211; \u0110\u01b0\u1ee3c c\u00e1c spa v\u00e0 vi\u1ec7n da t\u1ea1i H\u00e0n tin d\u00f9ng \u0111\u1ec3 tr\u1ecb li\u1ec7u cho kh\u00e1ch.<\/big><\/p>\n<p><em>\u0110\u00e2y ch\u00ednh l\u00e0 l\u1ef1a ch\u1ecdn v\u00f4 c\u00f9ng h\u1ee3p l\u00fd v\u00e0 th\u00f4ng minh m\u00e0 t\u1edb mu\u1ed1n b\u1ea1n nh\u1eafm \u0111\u1ebfn.<\/em><\/p>\n<h3><big>C\u00f4ng d\u1ee5ng \u0111em l\u1ea1i cho da:<\/big><\/h3>\n<p><big>&#8211;\u00a0L\u1ea5y \u0111i h\u1ebft nh\u1eefng t\u1ebf b\u00e0o da ch\u1ebft, c\u1eb1n c\u1ed7i, s\u1ea7n s\u00f9i, b\u1ee5i b\u1ea9n, b\u00e3 nh\u1eddn, m\u1ed3 h\u00f4i c\u1ee7a da c\u1ef1c k\u1ef3 hi\u1ec7u qu\u1ea3.<\/big><\/p>\n<p><big>&#8211; Cung c\u1ea5p d\u01b0\u1ee1ng ch\u1ea5t, kho\u00e1ng ch\u1ea5t c\u1ee7ng c\u1ed1 h\u00e0ng r\u00e0o b\u1ea3o v\u1ec7 da \u0111\u1ed3ng th\u1eddi nu\u00f4i d\u01b0\u1ee1ng l\u1edbp da non m\u1ecbn m\u00e0ng v\u1eeba hi\u1ec7n di\u1ec7n l\u00e2u nh\u1ea5t c\u00f3 th\u1ec3.<\/big><\/p>\n<p><big>&#8211; C\u1ea3i thi\u1ec7n &#8211; trung ho\u00e0 \u2013 n\u00e2ng tone da t\u1ea1o s\u1ef1 \u0111\u1ec1u m\u00e0u cho c\u01a1 th\u1ec3<\/big><\/p>\n<p><big>&#8211; \u0110em \u0111\u1ebfn t\u1ed5ng th\u1ec3 t\u01b0\u01a1i s\u00e1ng cho to\u00e0n b\u1ed9 c\u01a1 th\u1ec3<\/big><\/p>\n<p><big>&#8211; C\u1ea3i thi\u1ec7n \u0111\u1ed9 m\u1ec1m \u2013 m\u1ecbn \u2013 m\u01b0\u1edbt cho b\u1ec1 m\u1eb7t da<\/big><\/p>\n<p><big>&#8211; Ng\u0103n ng\u1eeba t\u00ecnh tr\u1ea1ng m\u1ecdc m\u1ee5n v\u00e0 vi\u00eam nang l\u00f4ng<strong>\u200b\u200b<\/strong><\/big><\/p>\n<p><big>&#8211; T\u1ea1o \u0111\u1ed9 th\u00f4ng tho\u00e1ng gi\u00fap l\u01b0\u1ee3ng tinh d\u01b0\u1ee1ng ch\u1ea5t \u0111\u01b0\u1ee3c h\u1ea5p th\u1ee5 m\u1ed9t c\u00e1ch tr\u1ecdn v\u1eb9n<\/big><\/p>\n<p><big>&#8211; \u0110\u1ea9y nhanh qu\u00e1 thay m\u1edbi c\u1ee7a da, gi\u00fap da trao \u0111\u1ed5i ch\u1ea5t li\u00ean t\u1ee5c \u0111\u1ec3 k\u00e9o d\u00e0i n\u00e9t tr\u1ebb trung, s\u0103n ch\u1eafc, gi\u00e0u s\u1ee9c s\u1ed1ng cho c\u01a1 th\u1ec3.<\/big><\/p>\n","protected":false},"excerpt":{"rendered":"<p>L\u00e0n da m\u1ecbn m\u00e0ng l\u00e0 m\u1ed9t trong nh\u1eefng mong mu\u1ed1n kh\u00f4ng ch\u1ec9 c\u1ee7a ri\u00eang ai m\u00e0 l\u00e0 c\u1ee7a h\u1ea7u h\u1ebft t\u1ea5t c\u1ea3 m\u1ecdi ng\u01b0\u1eddi v\u00e0 kh\u00f4ng ph\u00e2n bi\u1ec7t gi\u1edbi t\u00ednh. Th\u1eadt may v\u00ec mong mu\u1ed1n n\u00e0y r\u1ea5t d\u1ec5 \u0111\u1ec3 th\u1ef1c hi\u1ec7n, khi b\u1ea1n gi\u00fap c\u01a1 th\u1ec3 \u0111\u1ea9y nhanh qu\u00e1 tr\u00ecnh \u0111\u00e0o th\u1ea3i l\u1edbp da ch\u1ebft [&hellip;]<\/p>\n","protected":false},"featured_media":5080,"comment_status":"open","ping_status":"closed","template":"","meta":[],"_links":{"self":[{"href":"https:\/\/korea.com.vn\/shop\/wp-json\/wp\/v2\/product\/5085"}],"collection":[{"href":"https:\/\/korea.com.vn\/shop\/wp-json\/wp\/v2\/product"}],"about":[{"href":"https:\/\/korea.com.vn\/shop\/wp-json\/wp\/v2\/types\/product"}],"replies":[{"embeddable":true,"href":"https:\/\/korea.com.vn\/shop\/wp-json\/wp\/v2\/comments?post=5085"}],"wp:featuredmedia":[{"embeddable":true,"href":"https:\/\/korea.com.vn\/shop\/wp-json\/wp\/v2\/media\/5080"}],"wp:attachment":[{"href":"https:\/\/korea.com.vn\/shop\/wp-json\/wp\/v2\/media?parent=5085"}],"curies":[{"name":"wp","href":"https:\/\/api.w.org\/{rel}","templated":true}]}}