{"id":5087,"date":"2020-12-17T15:58:34","date_gmt":"2020-12-17T08:58:34","guid":{"rendered":"https:\/\/korea.com.vn\/shop\/?post_type=product&#038;p=5087"},"modified":"2020-12-21T10:45:52","modified_gmt":"2020-12-21T03:45:52","slug":"sua-tam-trang-ca-hoi-premium-tone-up-body-wash","status":"publish","type":"product","link":"https:\/\/korea.com.vn\/shop\/san-pham\/sua-tam-trang-ca-hoi-premium-tone-up-body-wash\/","title":{"rendered":"S\u1eefa t\u1eafm tr\u1eafng c\u00e1 h\u1ed3i PREMIUM TONE UP BODY WASH"},"content":{"rendered":"<p>S\u1eefa T\u1eafm Tr\u1eafng Da Genie Premium Tone Up Body Wash v\u1edbi c\u00f4ng ngh\u1ec7 s\u1ea3n xu\u1ea5t hi\u1ec7n \u0111\u1ea1i, \u0111\u01b0\u1ee3c chi\u1ebft xu\u1ea5t t\u1eeb c\u00e1c tinh ch\u1ea5t thi\u00ean nhi\u00ean gi\u00fap nu\u00f4i d\u01b0\u1ee1ng l\u00e0n da th\u00f4 r\u00e1p, s\u1ea7n s\u00f9i tr\u1edf n\u00ean m\u1ecbn m\u00e0ng v\u00e0 t\u01b0\u01a1i tr\u1ebb. Hi\u1ec7u qu\u1ea3 tr\u1eafng da s\u1ebd ph\u00e1t huy qua t\u1eebng ng\u00e0y s\u1eed d\u1ee5ng Premium Tone Up Body Wash v\u00e0 sau th\u1eddi gian ng\u1eafn th\u00ec da s\u00e1ng v\u00e0 tr\u1eafng h\u1ed3ng g\u1ea5p 5 l\u1ea7n m\u00e0u da c\u0169. D\u00f9 v\u1eady da b\u1ea1n kh\u00f4ng h\u1ec1 c\u00f3 d\u1ea5u hi\u1ec7u b\u1ecb t\u1ea9y tr\u1eafng hay b\u00e0o m\u00f2n. B\u1edfi v\u00ec tinh ch\u1ea5t c\u00e1 h\u1ed3i gi\u00fap nu\u00f4i d\u01b0\u1ee1ng v\u00e0 b\u1ea3o v\u1ec7 da t\u1ed1i \u01b0u. H\u01a1n n\u1eefa m\u00f9i th\u01a1m c\u1ee7a s\u1eefa t\u1eafm tr\u1eafng Genie Premium Tone Up n\u00e0y nh\u01b0 m\u00f9i n\u01b0\u1edbc hoa Chanel v\u00e0 l\u01b0u h\u01b0\u01a1ng tr\u00ean da t\u1edbi 12 ti\u1ebfng \u0111\u1ed3ng h\u1ed3.<\/p>\n<p><img loading=\"lazy\" src=\"https:\/\/sieuthilamdep.com\/images\/companies\/1\/my-pham-genie\/sua-tam-trang-da-genie-premium-tone-up-body-wash-2020.jpg?1579657734247\" alt=\"\" width=\"720\" height=\"720\" \/><\/p>\n<p><em>\u0110\u00e1nh bay c\u00e1c v\u1ebft th\u00e2m s\u1ea1m \u1edf nh\u1eefng n\u01a1i nh\u1ea1y c\u1ea3m<\/em><\/p>\n<h2 id=\"thanhphan\"><strong>Th\u00e0nh ph\u1ea7n S\u1eefa T\u1eafm Tr\u1eafng Da Genie Premium Tone Up Body Wash<\/strong><\/h2>\n<p>&#8211; N\u01b0\u1edbc tinh khi\u1ebft.<\/p>\n<p>&#8211; Cocamidopropyl betaine, Sodium cocoyl isethionate, Disodium cocoamphodiacetate, Butylene glycol.<\/p>\n<p>&#8211; Chi\u1ebft xu\u1ea5t vi\u1ec7t qu\u1ea5t, Chi\u1ebft xu\u1ea5t m\u00e2m x\u00f4i \u0111en, Chi\u1ebft xu\u1ea5t h\u1ea1t m\u00e8, Chi\u1ebft xu\u1ea5t g\u1ea1o, Chi\u1ebft xu\u1ea5t \u0111\u1eadu \u0111en, Chi\u1ebft xu\u1ea5t qu\u1ea3 acai.<\/p>\n<p>&#8211; Chi\u1ebft xu\u1ea5t t\u1ecfi, Chi\u1ebft xu\u1ea5t d\u00e2u t\u1eb1m, Chi\u1ebft xu\u1ea5t qu\u1ea3 b\u00e1nh x\u00f9.<\/p>\n<p>&#8211; PEG-120 Methyl glucose dioleate, Potassium hydroxide, Glycol distearate, Sodium chloride.<\/p>\n<p><img loading=\"lazy\" src=\"https:\/\/sieuthilamdep.com\/images\/companies\/1\/my-pham-genie\/sua-tam-trang-da-genie-premium-tone-up-body-wash-2020-1.jpg?1579657743425\" alt=\"\" width=\"640\" height=\"640\" \/><\/p>\n<p><em>An to\u00e0n cho da, kh\u00f4ng t\u00e1c d\u1ee5ng ph\u1ee5<\/em><\/p>\n<h2 id=\"congdung\"><strong>C\u00f4ng d\u1ee5ng S\u1eefa T\u1eafm Tr\u1eafng Da Genie Premium Tone Up Body Wash<\/strong><\/h2>\n<p>&#8211; L\u00e0m tr\u1eafng &#8211; D\u01b0\u1ee1ng \u1ea9m.<\/p>\n<p>&#8211; \u0110\u00e1nh bay c\u00e1c v\u1ebft th\u00e2m s\u1ea1m \u1edf nh\u1eefng n\u01a1i nh\u1ea1y c\u1ea3m nh\u01b0 : m\u00f4ng, n\u00e1ch, khu\u1ef7u tay, \u0111\u1ea7u g\u1ed1i&#8230;<\/p>\n<p>&#8211; Gi\u00fap da tr\u1edf n\u00ean s\u0103n ch\u1eafc, tr\u1eafng m\u1ecbn h\u01a1n, ch\u1ed1ng nh\u0103n da, t\u0103ng c\u01b0\u1eddng \u0111\u1ed9 \u1ea9m cho da v\u00e0 c\u00f2n gi\u00fap da h\u1ea5p th\u1ee5 ch\u1ea5t dinh d\u01b0\u1ee1ng r\u1ea5t t\u1ed1t.<\/p>\n<p>&#8211; Nu\u00f4i d\u01b0\u1ee1ng l\u00e0n da m\u1ec1m m\u1ea1i, m\u1ecbn m\u00e0ng, t\u01b0\u01a1i tr\u1ebb.<\/p>\n<p>&#8211; Ch\u1ed1ng l\u00e3o h\u00f3a da, m\u00f9i h\u01b0\u01a1ng \u0111\u1eb7c tr\u01b0ng thanh nh\u1eb9 t\u1ea1o c\u1ea3m gi\u00e1c s\u1ea3ng kho\u00e1i.<\/p>\n<p>&#8211; C\u1ea3i thi\u1ec7n s\u1eafc t\u1ed1 da, l\u00e0m m\u1edd c\u00e1c v\u00f9ng da kh\u00f4ng \u0111\u1ec1u m\u00e0u.<\/p>\n<p><img loading=\"lazy\" src=\"https:\/\/sieuthilamdep.com\/images\/companies\/1\/my-pham-genie\/sua-tam-trang-da-genie-premium-tone-up-body-wash-2020-2.jpg?1579657751143\" alt=\"\" width=\"665\" height=\"800\" \/><\/p>\n<p><em>Chi\u1ebft xu\u1ea5t t\u1eeb c\u00e1c th\u00e0nh ph\u1ea7n an to\u00e0n<\/em><\/p>\n<h2 id=\"cachdung\"><strong>H\u01b0\u1edbng d\u1eabn s\u1eed d\u1ee5ng S\u1eefa T\u1eafm Tr\u1eafng Da Genie Premium Tone Up Body Wash<\/strong><\/h2>\n<p>B\u01b0\u1edbc 1: L\u00e0m \u01b0\u1edbt c\u01a1 th\u1ec3.<\/p>\n<p>B\u01b0\u1edbc 2: L\u1ea5y ra 1 l\u01b0\u1ee3ng v\u1eeba \u0111\u1ee7 s\u1eefa t\u1eafm cho v\u00e0o b\u00f4ng t\u1eafm, t\u1ea1o 1 \u00edt b\u1ecdt (b\u1ea1n h\u1ea1n ch\u1ebf \u0111\u1ed5 tr\u1ef1c ti\u1ebfp s\u1eefa t\u1eafm l\u00ean ng\u01b0\u1eddi nh\u00e9).<\/p>\n<p>B\u01b0\u1edbc 3: Sau khi thoa \u0111\u1ec1u c\u01a1 th\u1ec3, massage nh\u1eb9 nh\u00e0ng 5-10 ph\u00fat<\/p>\n<p>B\u01b0\u1edbc 4. X\u1ea3 s\u1ea1ch l\u1ea1i v\u1edbi n\u01b0\u1edbc. Thoa Body Lotion<\/p>\n<p>Th\u01b0\u01a1ng hi\u1ec7u: Genie<\/p>\n<p>Quy c\u00e1ch: 350ml<\/p>\n<p>Xu\u1ea5t x\u1ee9: H\u00e0n Qu\u1ed1c<\/p>\n","protected":false},"excerpt":{"rendered":"<p>S\u1eefa T\u1eafm Tr\u1eafng Da Genie Premium Tone Up Body Wash v\u1edbi c\u00f4ng ngh\u1ec7 s\u1ea3n xu\u1ea5t hi\u1ec7n \u0111\u1ea1i, \u0111\u01b0\u1ee3c chi\u1ebft xu\u1ea5t t\u1eeb c\u00e1c tinh ch\u1ea5t thi\u00ean nhi\u00ean gi\u00fap nu\u00f4i d\u01b0\u1ee1ng l\u00e0n da th\u00f4 r\u00e1p, s\u1ea7n s\u00f9i tr\u1edf n\u00ean m\u1ecbn m\u00e0ng v\u00e0 t\u01b0\u01a1i tr\u1ebb. Hi\u1ec7u qu\u1ea3 tr\u1eafng da s\u1ebd ph\u00e1t huy qua t\u1eebng ng\u00e0y s\u1eed d\u1ee5ng Premium [&hellip;]<\/p>\n","protected":false},"featured_media":5081,"comment_status":"open","ping_status":"closed","template":"","meta":[],"_links":{"self":[{"href":"https:\/\/korea.com.vn\/shop\/wp-json\/wp\/v2\/product\/5087"}],"collection":[{"href":"https:\/\/korea.com.vn\/shop\/wp-json\/wp\/v2\/product"}],"about":[{"href":"https:\/\/korea.com.vn\/shop\/wp-json\/wp\/v2\/types\/product"}],"replies":[{"embeddable":true,"href":"https:\/\/korea.com.vn\/shop\/wp-json\/wp\/v2\/comments?post=5087"}],"wp:featuredmedia":[{"embeddable":true,"href":"https:\/\/korea.com.vn\/shop\/wp-json\/wp\/v2\/media\/5081"}],"wp:attachment":[{"href":"https:\/\/korea.com.vn\/shop\/wp-json\/wp\/v2\/media?parent=5087"}],"curies":[{"name":"wp","href":"https:\/\/api.w.org\/{rel}","templated":true}]}}