{"id":5107,"date":"2020-12-18T21:03:43","date_gmt":"2020-12-18T14:03:43","guid":{"rendered":"https:\/\/korea.com.vn\/shop\/?post_type=product&#038;p=5107"},"modified":"2020-12-22T10:38:33","modified_gmt":"2020-12-22T03:38:33","slug":"mat-ong-sam-lat","status":"publish","type":"product","link":"https:\/\/korea.com.vn\/shop\/san-pham\/mat-ong-sam-lat\/","title":{"rendered":"M\u1eadt ong s\u00e2m l\u00e1t"},"content":{"rendered":"<p>Xu\u1ea5t x\u1ee9 : H\u00e0n Qu\u1ed1c<\/p>\n<p>Th\u00e0nh ph\u1ea7n: M\u1eadt ong, S\u00e2m<\/p>\n<p>??S\u1eed d\u1ee5ng S\u00e2m m\u1eadt ong H\u00e0n Qu\u1ed1c m\u1ed9t c\u00e1ch \u0111\u1ec1u \u0111\u1eb7n v\u00e0 h\u1ee3p l\u00fd s\u1ebd mang l\u1ea1i Combo r\u1ea5t nhi\u1ec1u nh\u1eefng l\u1ee3i \u00edch<\/p>\n<p>?Gi\u1ea3m stress, t\u0103ng c\u01b0\u1eddng s\u1ee9c \u0111\u1ec1 kh\u00e1ng, h\u1ec7 th\u1ed1ng mi\u1ec5n d\u1ecbch cho c\u01a1 th\u1ec3<\/p>\n<p>? Gi\u1ea3m Ho hi\u1ec7u qu\u1ea3 Khi Thay \u0110\u1ed5i Th\u1eddi Ti\u1ebft<\/p>\n<p>? Gi\u00fap \u0102n Ngon Mi\u1ec7ng &#8211; H\u1ea5p Thu T\u1ed1t- H\u1ec7 ti\u00eau h\u00f3a \u1ed5n \u0111\u1ecbnh<\/p>\n<p>?T\u0103ng c\u01b0\u1eddng ch\u1ee9c n\u0103ng c\u1ee7a h\u1ec7 th\u1ed1ng th\u1ea7n kinh, gi\u00fap b\u1ea1n c\u1ea3i thi\u1ec7n \u0111\u01b0\u1ee3c t\u00ecnh tr\u1ea1ng m\u1ea5t ng\u1ee7 cho ng\u01b0\u1eddi l\u1edbn v\u00e0 tr\u1ebb nh\u1ecf<\/p>\n<p>?C\u1ea3i thi\u1ec7n tr\u00ed nh\u1edb hi\u1ec7u qu\u1ea3, t\u1ed1t cho kh\u1ea3 n\u0103ng ph\u00e2n t\u00edch, n\u00e2ng cao hi\u1ec7u qu\u1ea3 c\u00f4ng vi\u1ec7c.<\/p>\n<p>?L\u00e0m ch\u1eadm qu\u00e1 tr\u00ecnh l\u00e3o h\u00f3a \u1edf c\u01a1 th\u1ec3, mang t\u1edbi l\u00e0n da m\u1ecbn m\u00e0ng t\u01b0\u01a1i s\u00e1ng<\/p>\n<p>?Cung c\u1ea5p ngu\u1ed3n dinh d\u01b0\u1ee1ng c\u1ea7n thi\u1ebft \u0111\u1ec3 b\u1ed3i b\u1ed5 c\u01a1 th\u1ec3<\/p>\n<p>?C\u00e2n B\u1eb1ng N\u1ed9i Ti\u1ebft T\u1ed1 &#8211; R\u1ea5t T\u1ed1t cho ng\u01b0\u1eddi l\u1edbn tu\u1ed5i<\/p>\n<p>? Gi\u00fap ng\u0103n ng\u1eeba c\u00e1c b\u1ec7nh v\u1ec1 tim m\u1ea1ch, x\u01b0\u01a1ng kh\u1edbp nh\u01b0 x\u01a1 v\u1eefa \u0111\u1ed9ng m\u1ea1ch, lo\u00e3ng x\u01b0\u01a1ng<\/p>\n<p>?Gi\u00fap gia t\u0103ng s\u1ef1 trao \u0111\u1ed5i ch\u1ea5t v\u00e0 tu\u1ea7n ho\u00e0n tim m\u1ea1ch c\u0169ng nh\u01b0 c\u1ea3i thi\u1ec7n hi\u1ec7u qu\u1ea3 s\u1ef1 b\u01a1m m\u00e1u cho to\u00e0n c\u01a1 th\u1ec3, \u0111i\u1ec1u h\u00f2a huy\u1ebft \u00e1p, l\u00e0m tan c\u00e1c c\u1ee5c m\u00e1u \u0111\u00f4ng, gi\u00fap ng\u0103n ng\u1eeba \u0111\u1ed9t qu\u1ef5<\/p>\n<p>?Gi\u1ea3m c\u00e1c tri\u1ec7u ch\u1ee9ng \u0111au l\u01b0ng, m\u1ec7t m\u1ecfi, suy nh\u01b0\u1ee3c th\u1ea7n kinh, c\u01a1 th\u1ec3.<\/p>\n<p>?Trong m\u1ed9t s\u1ed1 tr\u01b0\u1eddng h\u1ee3p c\u00f3 th\u1ec3 ng\u0103n ch\u1eb7n s\u1ef1 ph\u00e1t tri\u1ec3n c\u1ee7a t\u1ebf b\u00e0o ung th\u01b0.<\/p>\n","protected":false},"excerpt":{"rendered":"<p>Xu\u1ea5t x\u1ee9 : H\u00e0n Qu\u1ed1c<\/p>\n<p>Th\u00e0nh ph\u1ea7n: M\u1eadt ong, S\u00e2m<\/p>\n","protected":false},"featured_media":5103,"comment_status":"open","ping_status":"closed","template":"","meta":[],"_links":{"self":[{"href":"https:\/\/korea.com.vn\/shop\/wp-json\/wp\/v2\/product\/5107"}],"collection":[{"href":"https:\/\/korea.com.vn\/shop\/wp-json\/wp\/v2\/product"}],"about":[{"href":"https:\/\/korea.com.vn\/shop\/wp-json\/wp\/v2\/types\/product"}],"replies":[{"embeddable":true,"href":"https:\/\/korea.com.vn\/shop\/wp-json\/wp\/v2\/comments?post=5107"}],"wp:featuredmedia":[{"embeddable":true,"href":"https:\/\/korea.com.vn\/shop\/wp-json\/wp\/v2\/media\/5103"}],"wp:attachment":[{"href":"https:\/\/korea.com.vn\/shop\/wp-json\/wp\/v2\/media?parent=5107"}],"curies":[{"name":"wp","href":"https:\/\/api.w.org\/{rel}","templated":true}]}}