{"id":5490,"date":"2020-12-31T16:58:13","date_gmt":"2020-12-31T09:58:13","guid":{"rendered":"https:\/\/korea.com.vn\/shop\/san-pham\/import-placeholder-for-568\/"},"modified":"2021-01-06T11:12:06","modified_gmt":"2021-01-06T04:12:06","slug":"dong-ho-nu-ms509e-mangosteen-seoul-han-quoc-day-thep-vang-2","status":"publish","type":"product","link":"https:\/\/korea.com.vn\/shop\/san-pham\/dong-ho-nu-ms509e-mangosteen-seoul-han-quoc-day-thep-vang-2\/","title":{"rendered":"\u0110\u1ed2NG H\u1ed2 N\u1eee MS509E MANGOSTEEN SEOUL H\u00c0N QU\u1ed0C D\u00c2Y TH\u00c9P (V\u00c0NG)"},"content":{"rendered":"<ul>\n<li><strong>Th\u00f4ng s\u1ed1 k\u1ef9 thu\u1eadt<\/strong><\/li>\n<li><strong>Th\u01b0\u01a1ng hi\u1ec7u:<\/strong>\u00a0<strong>MANGOSTEEN Seoul<\/strong>\u00a0\u2013 H\u00e0n qu\u1ed1c<\/li>\n<li><strong>M\u00e3 s\u1ea3n ph\u1ea9m:<\/strong>\u00a0MS509E (V\u00e0ng)<\/li>\n<li><strong>D\u00e0nh cho:<\/strong>\u00a0Sinh vi\u00ean, doanh nh\u00e2n, n\u1eef nh\u00e2n vi\u00ean v\u0103n ph\u00f2ng<\/li>\n<li><strong>Ch\u1ea5t li\u1ec7u d\u00e2y:<\/strong>\u00a0Th\u00e9p kh\u00f4ng g\u1ec9<\/li>\n<li><strong>Ch\u1ea5t li\u1ec7u m\u1eb7t k\u00ednh:<\/strong>\u00a0K\u00ednh c\u1ee9ng cao c\u1ea5p<\/li>\n<li><strong>Ch\u1ea5t li\u1ec7u m\u1eb7t sau:<\/strong>\u00a0Th\u00e9p kh\u00f4ng g\u1ec9<\/li>\n<li><strong>K\u00edch th\u01b0\u1edbc b\u1ec1 m\u1eb7t:<\/strong>\u00a02,8cm (M\u1eb7t tr\u00f2n)<\/li>\n<li><strong>\u0110\u1ed9 d\u00e0y:<\/strong>\u00a00,7cm<\/li>\n<li><strong>T\u1ed5ng \u0111\u1ed9 d\u00e0i c\u1ee7a d\u00e2y:<\/strong>\u00a019cm<\/li>\n<li><strong>\u0110\u1ed9 r\u1ed9ng c\u1ee7a d\u00e2y<\/strong>: 0,9cm<\/li>\n<li><strong>Ki\u1ec3u kh\u00f3a:<\/strong>\u00a0Kh\u00f3a g\u00e0i<\/li>\n<li><strong>Ch\u1ea5t li\u1ec7u v\u1ecf m\u00e1y:<\/strong>\u00a0Kim lo\u1ea1i \u0111\u1ed3ng Brass<\/li>\n<li><strong>M\u00e1y:<\/strong>\u00a0Nh\u1eadt (Japan 100%)<\/li>\n<li><strong>S\u1ea3n xu\u1ea5t t\u1ea1i H\u00e0n Qu\u1ed1c<\/strong><\/li>\n<li><strong>Ch\u1ed1ng th\u1ea5m n\u01b0\u1edbc 3ATM<\/strong>\u00a0c\u00f3 th\u1ec3 \u0111i m\u01b0a, r\u1eeda tay, r\u1eeda m\u1eb7t. Tr\u00e1nh ti\u1ebfp x\u00fac v\u1edbi m\u00f4i tr\u01b0\u1eddng h\u00f3a ch\u1ea5t nh\u01b0 gi\u1eb7t \u0111\u1ed3, t\u1eafm g\u1ed9i.<\/li>\n<li><strong>B\u1ea3o h\u00e0nh:<\/strong>\u00a024 th\u00e1ng, h\u1eadu m\u00e3i 3 n\u0103m chi ph\u00ed th\u1ea5p sau b\u1ea3o h\u00e0nh<\/li>\n<li><strong>\u0110i\u1ec3m \u0111\u1eb7c bi\u1ec7t:<\/strong>\u00a0<strong>\u0110\u1ed3ng h\u1ed3 Mangosteen Seoul<\/strong>\u00a0h\u00e0ng \u0111\u1ea7u th\u1eddi trang, ki\u1ec3u d\u00e1ng sang tr\u1ecdng v\u00e0 n\u1eef t\u00ednh, vi\u1ec1n \u0111\u1ed3ng h\u1ed3 \u0111\u01b0\u1ee3c \u0111\u00ednh h\u00e0ng tr\u0103m vi\u00ean \u0111\u00e1 l\u1ea5p l\u00e1nh t\u1ea1o s\u1ef1 n\u1ed5i b\u1eadt cho ng\u01b0\u1eddi \u0111eo.<\/li>\n<\/ul>\n<p><iframe src=\"https:\/\/www.youtube.com\/embed\/mfCTdcUZsh8?feature=oembed\" width=\"1170\" height=\"658\" frameborder=\"0\" allowfullscreen=\"allowfullscreen\"><\/iframe><\/p>\n<p><img loading=\"lazy\" class=\"wp-image-621 size-full aligncenter\" src=\"http:\/\/support.foszo.com\/wp-content\/uploads\/2020\/12\/MS509E.jpg\" alt=\"\" width=\"1280\" height=\"720\" \/> <img loading=\"lazy\" class=\"aligncenter wp-image-622 size-full\" src=\"http:\/\/support.foszo.com\/wp-content\/uploads\/2020\/12\/MS509E-1.jpg\" alt=\"\" width=\"1280\" height=\"720\" \/><\/p>\n","protected":false},"excerpt":{"rendered":"<p>\u0110\u1ed3ng h\u1ed3 n\u1eef Mangosteen MS509E ch\u1ea5t li\u1ec7u cao c\u1ea5p m\u1ea1 v\u00e0ng 18k k\u1ebft h\u1ee3p v\u1edbi h\u01a1n 100 vi\u00ean \u0111\u00e1 qu\u00fd b\u1ed9 may Citizen nh\u1eadt b\u1ea3n, lu\u00f4n \u0111\u1ed9 b\u00ean cao. Ch\u1ed1ng th\u1ea5m n\u01b0\u1edbc \u1edf \u0111\u1ed9 s\u00e2u 30m B\u1ea3o h\u00e0nh 2 n\u0103m m\u00e1y v\u00e0 n\u01b0\u1edbc 1 \u0111\u1ed5i 1 trong v\u00f2ng 2 n\u0103m.<\/p>\n","protected":false},"featured_media":5519,"comment_status":"closed","ping_status":"closed","template":"","meta":[],"_links":{"self":[{"href":"https:\/\/korea.com.vn\/shop\/wp-json\/wp\/v2\/product\/5490"}],"collection":[{"href":"https:\/\/korea.com.vn\/shop\/wp-json\/wp\/v2\/product"}],"about":[{"href":"https:\/\/korea.com.vn\/shop\/wp-json\/wp\/v2\/types\/product"}],"replies":[{"embeddable":true,"href":"https:\/\/korea.com.vn\/shop\/wp-json\/wp\/v2\/comments?post=5490"}],"wp:featuredmedia":[{"embeddable":true,"href":"https:\/\/korea.com.vn\/shop\/wp-json\/wp\/v2\/media\/5519"}],"wp:attachment":[{"href":"https:\/\/korea.com.vn\/shop\/wp-json\/wp\/v2\/media?parent=5490"}],"curies":[{"name":"wp","href":"https:\/\/api.w.org\/{rel}","templated":true}]}}