{"id":5494,"date":"2020-12-31T16:58:15","date_gmt":"2020-12-31T09:58:15","guid":{"rendered":"https:\/\/korea.com.vn\/shop\/san-pham\/import-placeholder-for-572\/"},"modified":"2020-12-31T16:58:18","modified_gmt":"2020-12-31T09:58:18","slug":"dong-ho-nu-ms510d-mangosteen-seoul-han-quoc-chinh-hang-den-xanh","status":"publish","type":"product","link":"https:\/\/korea.com.vn\/shop\/san-pham\/dong-ho-nu-ms510d-mangosteen-seoul-han-quoc-chinh-hang-den-xanh\/","title":{"rendered":"\u0110\u1ed3ng h\u1ed3 n\u1eef MS510D MANGOSTEEN SEOUL H\u00e0n Qu\u1ed1c ch\u00ednh h\u00e3ng (\u0110en xanh)"},"content":{"rendered":"<ul>\n<li><strong>Th\u00f4ng s\u1ed1 k\u1ef9 thu\u1eadt<\/strong><\/li>\n<li><strong>Th\u01b0\u01a1ng hi\u1ec7u:<\/strong>\u00a0<strong>MANGOSTEEN Seoul<\/strong>\u00a0\u2013 H\u00c0N QU\u1ed0C<\/li>\n<li><strong>S\u1ea3n Xu\u1ea5t: H\u00e0n Qu\u1ed1c<\/strong><\/li>\n<li><strong>M\u00e3 s\u1ea3n ph\u1ea9m:<\/strong>\u00a0MS510D (\u0110en xanh)<\/li>\n<li><strong>D\u00e0nh cho:<\/strong>\u00a0Sinh vi\u00ean, doanh nh\u00e2n, n\u1eef nh\u00e2n vi\u00ean v\u0103n ph\u00f2ng<\/li>\n<li><strong>Ch\u1ea5t li\u1ec7u d\u00e2y:<\/strong>\u00a0Th\u00e9p kh\u00f4ng g\u1ec9 d\u1ea1ng d\u00e2y l\u01b0\u1edbi nhuy\u1ec5n ( Mesh)<\/li>\n<li><strong>Ch\u1ea5t li\u1ec7u m\u1eb7t k\u00ednh:<\/strong>\u00a0K\u00ednh kho\u00e1ng c\u1ee9ng cao c\u1ea5p trong su\u1ed1t r\u00f5 n\u00e9t, \u0111\u1ed9 c\u1ee9ng cao<\/li>\n<li><strong>K\u00edch th\u01b0\u1edbc b\u1ec1 m\u1eb7t:<\/strong>\u00a02,3cm (M\u1eb7t tr\u00f2n)<\/li>\n<li><strong>\u0110\u1ed9 d\u00e0y:<\/strong>\u00a00,8cm<\/li>\n<li><strong>T\u1ed5ng \u0111\u1ed9 d\u00e0i c\u1ee7a d\u00e2y:\u00a0<\/strong>19cm<\/li>\n<li><strong>\u0110\u1ed9 r\u1ed9ng c\u1ee7a d\u00e2y:<\/strong>\u00a00,7cm<\/li>\n<li><strong>Ki\u1ec3u kh\u00f3a:<\/strong>\u00a0N\u00fat g\u00e0i<\/li>\n<li><strong>Ch\u1ea5t li\u1ec7u v\u1ecf m\u00e1y:<\/strong>\u00a0Th\u00e9p kh\u00f4ng g\u1ec9<\/li>\n<li><strong>Ch\u1ea5t li\u1ec7u m\u1eb7t sau:<\/strong>\u00a0Th\u00e9p kh\u00f4ng g\u1ec9<\/li>\n<li><strong>M\u00e1y:\u00a0<\/strong>Quartz Nh\u1eadt (Japan 100%)<\/li>\n<li><strong>Ch\u1ed1ng th\u1ea5m n\u01b0\u1edbc:<\/strong>\u00a03ATM c\u00f3 th\u1ec3 \u0111i m\u01b0a, r\u1eeda tay, r\u1eeda m\u1eb7t<\/li>\n<li><strong>B\u1ea3o h\u00e0nh:<\/strong>\u00a024 th\u00e1ng, h\u1eadu m\u00e3i 3 n\u0103m chi ph\u00ed th\u1ea5p sau b\u1ea3o h\u00e0nh<\/li>\n<li><strong>S\u1ea3n ph\u1ea9m full box ch\u00ednh h\u00e3ng nh\u01b0 h\u00ecnh<\/strong><\/li>\n<li><strong>\u0110i\u1ec3m \u0111\u1eb7c bi\u1ec7t:<\/strong>\u00a0<strong>\u0110\u1ed3ng h\u1ed3 Mangosteen Seoul<\/strong>\u00a0ch\u00ednh h\u00e3ng h\u00e0ng \u0111\u1ea7u th\u1eddi trang, thi\u1ebft k\u1ebf sang tr\u1ecdng n\u1eef t\u00ednh c\u00e1c m\u1ed1c gi\u1edd h\u1ea1t c\u01b0\u1eddm nh\u1ecf xen k\u1ebd h\u1ea1t c\u01b0\u1eddm l\u1edbn l\u1ea5p l\u00e0nh n\u1ed5i b\u1eadt tr\u00ean m\u1eb7t tr\u00f2n, b\u00ean trong m\u1eb7t \u0111\u1ed3ng h\u1ed3 \u0111\u01b0\u1ee3c kh\u1eafc h\u1ecda ti\u1ebft n\u1ed5i l\u00e0m n\u1ed5i b\u1eadt kim ch\u1ec9 gi\u1edd \u0111\u01a1n gi\u1ea3n nh\u01b0ng v\u1eabn gi\u1eef \u0111\u01b0\u1ee3c n\u00e9t sang tr\u1ecdng qu\u00fd ph\u00e1i v\u00e0 quy\u1ebfn r\u0169 c\u1ee7a ph\u00e1i \u0111\u1eb9p.<\/li>\n<\/ul>\n<p><iframe src=\"https:\/\/www.youtube.com\/embed\/mfCTdcUZsh8?feature=oembed\" width=\"1170\" height=\"658\" frameborder=\"0\" allowfullscreen=\"allowfullscreen\" data-mce-fragment=\"1\"><\/iframe><\/p>\n<p><img loading=\"lazy\" class=\"aligncenter wp-image-682 size-full\" src=\"http:\/\/support.foszo.com\/wp-content\/uploads\/2020\/12\/MS510D-1.jpg\" alt=\"\" width=\"1200\" height=\"1200\" \/> <img loading=\"lazy\" class=\"aligncenter wp-image-683 size-full\" src=\"http:\/\/support.foszo.com\/wp-content\/uploads\/2020\/12\/MS510D-1-1.jpg\" alt=\"\" width=\"1200\" height=\"1200\" \/> <img loading=\"lazy\" class=\"aligncenter wp-image-684 size-full\" src=\"http:\/\/support.foszo.com\/wp-content\/uploads\/2020\/12\/MS510D-2.jpg\" alt=\"\" width=\"1200\" height=\"1200\" \/><\/p>\n<p><img loading=\"lazy\" class=\"aligncenter wp-image-641 size-full\" src=\"http:\/\/support.foszo.com\/wp-content\/uploads\/2020\/12\/MS510A-17.jpg\" alt=\"\" width=\"640\" height=\"640\" \/> <img loading=\"lazy\" class=\"aligncenter wp-image-643 size-full\" src=\"http:\/\/support.foszo.com\/wp-content\/uploads\/2020\/12\/MS510A-19.jpg\" alt=\"\" width=\"640\" height=\"640\" \/> <img loading=\"lazy\" class=\"aligncenter wp-image-642 size-full\" src=\"http:\/\/support.foszo.com\/wp-content\/uploads\/2020\/12\/MS510A-18.jpg\" alt=\"\" width=\"640\" height=\"640\" \/> \u00a0<img loading=\"lazy\" class=\"aligncenter wp-image-640 size-full\" src=\"http:\/\/support.foszo.com\/wp-content\/uploads\/2020\/12\/MS510A-16.jpg\" alt=\"\" width=\"640\" height=\"640\" \/> <img loading=\"lazy\" class=\"aligncenter wp-image-639 size-full\" src=\"http:\/\/support.foszo.com\/wp-content\/uploads\/2020\/12\/MS510A-15.jpg\" alt=\"\" width=\"640\" height=\"640\" \/> \u00a0\u00a0<img loading=\"lazy\" class=\"aligncenter wp-image-636 size-full\" src=\"http:\/\/support.foszo.com\/wp-content\/uploads\/2020\/12\/MS510A-12.jpg\" alt=\"\" width=\"627\" height=\"627\" \/> <img loading=\"lazy\" class=\"aligncenter wp-image-635 size-full\" src=\"http:\/\/support.foszo.com\/wp-content\/uploads\/2020\/12\/MS510A-11.jpg\" alt=\"\" width=\"640\" height=\"640\" \/><\/p>\n<p><img loading=\"lazy\" class=\"aligncenter wp-image-686 size-full\" src=\"http:\/\/support.foszo.com\/wp-content\/uploads\/2020\/12\/MS510D-9.jpg\" alt=\"\" width=\"1024\" height=\"1024\" \/> <img loading=\"lazy\" class=\"aligncenter wp-image-687 size-full\" src=\"http:\/\/support.foszo.com\/wp-content\/uploads\/2020\/12\/MS510D-10.jpg\" alt=\"\" width=\"1024\" height=\"1024\" \/> <img loading=\"lazy\" class=\"aligncenter wp-image-688 size-full\" src=\"http:\/\/support.foszo.com\/wp-content\/uploads\/2020\/12\/MS510D-11.jpg\" alt=\"\" width=\"1024\" height=\"1024\" \/> <img loading=\"lazy\" class=\"aligncenter wp-image-689 size-full\" src=\"http:\/\/support.foszo.com\/wp-content\/uploads\/2020\/12\/MS510D-12.jpg\" alt=\"\" width=\"1024\" height=\"1024\" \/><\/p>\n<h3><strong>GI\u1edaI THI\u1ec6U TH\u01af\u01a0NG HI\u1ec6U<\/strong><\/h3>\n<p>\u0110\u01b0\u1ee3c th\u00e0nh l\u1eadp n\u0103m 2015 t\u1ea1i Seoul, Mangosteen Seoul l\u00e0 th\u01b0\u01a1ng hi\u1ec7u \u0111\u1ed3ng h\u1ed3 H\u00e0n Qu\u1ed1c duy nh\u1ea5t \u0111\u01b0\u1ee3c nghi\u00ean c\u1ee9u v\u00e0 thi\u1ebft k\u1ebf d\u00e0nh ri\u00eang cho c\u00e1c b\u1ea1n n\u1eef. V\u1edbi \u0111\u1ed1i t\u01b0\u1ee3ng kh\u00e1ch h\u00e0ng l\u00e0 nh\u1eefng n\u1eef v\u0103n ph\u00f2ng xinh \u0111\u1eb9p, chuy\u00ean nghi\u1ec7p, v\u00e0 y\u00eau th\u1eddi trang, c\u00e1c thi\u1ebft k\u1ebf c\u1ee7a \u0111\u1ed3ng h\u1ed3 Mangosteen Seoul l\u00e0 s\u1ef1 k\u1ebft h\u1ee3p h\u00e0i h\u00f2a gi\u1eefa c\u00e1c s\u1eafc m\u00e0u l\u00e0m b\u1eadt l\u00ean phong c\u00e1ch tr\u1ebb trung. B\u00ean c\u1ea1nh \u0111\u00f3, thi\u1ebft k\u1ebf ki\u1ec3u d\u00e1ng tinh t\u1ebf v\u00e0 sang tr\u1ecdng \u0111\u00e3 g\u00f3p ph\u1ea7n ho\u00e0n thi\u1ec7n phong c\u00e1ch th\u1eddi trang c\u1ee7a c\u00e1c qu\u00fd c\u00f4.<br \/>\nSo s\u00e1nh v\u1edbi c\u00e1c th\u01b0\u01a1ng hi\u1ec7u \u0111\u1ed3ng h\u1ed3 l\u1edbn tr\u00ean th\u1ebf gi\u1edbi, Mangosteen Seoul kh\u00f4ng h\u1ec1 thua k\u00e9m v\u00e0 c\u00f3 nh\u1eefng l\u1ee3i th\u1ebf ri\u00eang. Ngo\u00e0i vi\u1ec7c \u0111\u00e1p \u1ee9ng \u0111\u01b0\u1ee3c ti\u00eau chu\u1ea9n c\u1ee7a m\u1ed9t chi\u1ebfc \u0111\u1ed3ng h\u1ed3 cao c\u1ea5p nh\u01b0 to\u00e0n b\u1ed9 \u0111\u01b0\u1ee3c s\u1ea3n xu\u1ea5t t\u1ea1i H\u00e0n Qu\u1ed1c, s\u1eed d\u1ee5ng m\u00e1y Nh\u1eadt, ch\u1ed1ng n\u01b0\u1edbc t\u1ed1t, \u0111\u00e1 Swarovski cao c\u1ea5p, th\u00e9p kh\u00f4ng g\u1ec9, Mangosteen Seoul c\u00f2n l\u00e0 \u0111\u1ea1i di\u1ec7n cho xu h\u01b0\u1edbng th\u1eddi trang v\u00e0 mang \u0111\u1eadm n\u00e9t v\u0103n h\u00f3a H\u00e0n Qu\u1ed1c v\u1ed1n \u0111\u01b0\u1ee3c y\u00eau th\u00edch v\u00e0 ch\u00e0o \u0111\u00f3n \u1edf Ch\u00e2u \u00c1 v\u00e0 c\u00e1c n\u01b0\u1edbc tr\u00ean th\u1ebf gi\u1edbi. \u0110\u1ed3ng h\u1ed3 Mangosteen Seoul c\u00f3 m\u1ee9c gi\u00e1 t\u1eeb 1 tri\u1ec7u \u2013 3 tri\u1ec7u, gi\u00fap c\u00e1c b\u1ea1n n\u1eef v\u0103n ph\u00f2ng d\u00f9 m\u1edbi \u0111i l\u00e0m c\u0169ng c\u00f3 th\u1ec3 d\u1ec5 d\u00e0ng th\u1ecfa m\u00e3n c\u01a1n kh\u00e1t th\u1eddi trang, \u0111\u1eb7c bi\u1ec7t l\u00e0 m\u1ed9t chi\u1ebfc \u0111\u1ed3ng h\u1ed3 tinh t\u1ebf.<br \/>\nKh\u00f4ng nh\u1eefng th\u1ebf, Mangosteen Seoul c\u00f2n l\u00e0 m\u1ed9t trong nh\u1eefng th\u01b0\u01a1ng hi\u1ec7u \u0111\u01b0\u1ee3c ch\u00ednh ph\u1ee7 H\u00e0n Qu\u1ed1c v\u00e0 C\u1ee5c Th\u01b0\u01a1ng M\u1ea1i Seoul ph\u00ea duy\u1ec7t l\u00e0 th\u01b0\u01a1ng hi\u1ec7u cao qu\u00fd \u0111\u1ea1i di\u1ec7n cho Seoul. \u0110i\u1ec1u \u0111\u00f3 cho th\u1ea5y nh\u1eefng gi\u00e1 tr\u1ecb \u0111\u1eb7c bi\u1ec7t m\u00e0 th\u01b0\u01a1ng hi\u1ec7u \u0111\u1ed3ng h\u1ed3 n\u00e0y mang \u0111\u1ebfn cho kh\u00e1ch h\u00e0ng.<\/p>\n<p><iframe src=\"https:\/\/www.youtube.com\/embed\/JlDcIeksukM\" width=\"640\" height=\"360\" frameborder=\"0\" allowfullscreen=\"allowfullscreen\" data-mce-fragment=\"1\"><\/iframe><\/p>\n<p>&nbsp;<\/p>\n<p><img loading=\"lazy\" class=\"aligncenter wp-image-601 size-full\" src=\"http:\/\/support.foszo.com\/wp-content\/uploads\/2020\/12\/f1.png\" alt=\"\" width=\"707\" height=\"292\" \/><br \/>\nNh\u1eefng b\u1ed9 s\u01b0u t\u1eadp Mangosteen Seoul l\u00e0m m\u00ea m\u1ea9n c\u00e1c qu\u00fd c\u00f4: Color of Your State, Make and Design by Korea, Lovely by the Global. Nh\u1eefng s\u1ea3n ph\u1ea9m n\u00e0y d\u00f9 m\u1edbi ra m\u1eaft kh\u00f4ng l\u00e2u nh\u1eefng \u0111\u00e3 s\u1edbm chi\u1ebfm l\u0129nh \u0111\u01b0\u1ee3c s\u1ef1 y\u00eau m\u1ebfn c\u1ee7a ng\u01b0\u1eddi ti\u00eau d\u00f9ng v\u00e0 \u0111\u01b0\u1ee3c xu\u1ea5t kh\u1ea9u t\u1eeb n\u0103m 2015 \u0111\u1ebfn nay qua c\u00e1c n\u01b0\u1edbc nh\u01b0 \u0110\u1ee9c, UAE, Singapore, Trung Qu\u1ed1c, Hong Kong, Campuchia, Nh\u1eadt B\u1ea3n, Nga, Bulgaria, Vi\u1ec7t Nam\u2026<\/p>\n<h3>S\u1ea3n ph\u1ea9m \u0111\u00f3ng g\u00f3i sang tr\u1ecdng ch\u00ednh h\u00e3ng nh\u01b0 h\u00ecnh<\/h3>\n<p><img loading=\"lazy\" class=\"aligncenter wp-image-602 size-full\" src=\"http:\/\/support.foszo.com\/wp-content\/uploads\/2020\/12\/f2.jpg\" alt=\"\" width=\"800\" height=\"840\" \/><img loading=\"lazy\" class=\"aligncenter wp-image-603 size-full\" style=\"color: #333333; font-size: 14.4px;\" src=\"http:\/\/support.foszo.com\/wp-content\/uploads\/2020\/12\/f3.jpg\" alt=\"\" width=\"800\" height=\"1220\" \/><\/p>\n<h3><strong>G\u1ee3i \u00fd s\u1eed d\u1ee5ng v\u00e0 b\u1ea3o d\u01b0\u1ee1ng<\/strong><\/h3>\n<p><img loading=\"lazy\" class=\"aligncenter wp-image-604 size-full\" src=\"http:\/\/support.foszo.com\/wp-content\/uploads\/2020\/12\/f4.jpg\" alt=\"\" width=\"700\" height=\"600\" \/><\/p>\n<p><strong>N\u00ean tr\u00e1nh:<\/strong><\/p>\n<p>\u2013 Va ch\u1ea1m v\u00e0 ti\u1ebfp x\u00fac v\u1edbi ch\u1ea5t \u0103n m\u00f2n, nhi\u1ec7t \u0111\u1ed9 cao ho\u1eb7c t\u1eeb tr\u01b0\u1eddng m\u1ea1nh.<\/p>\n<p>\u2013 S\u1eed d\u1ee5ng b\u1ea5t k\u00ec dung m\u00f4i, ch\u1ea5t l\u00e0m s\u1ea1ch, ch\u1ea5t t\u1ea9y c\u00f4ng nghi\u1ec7p, ch\u1ea5t d\u00ednh, s\u01a1n ho\u1eb7c c\u00e1c ch\u1ea5t x\u1ecbt m\u1ef9 ph\u1ea9m.<\/p>\n<p>\u2013 \u0110eo \u0111\u1ed3ng h\u1ed3 c\u00f9ng c\u00e1c v\u00f2ng \u0111eo tay v\u00ec d\u1ec5 t\u1ea1o v\u1ebft x\u01b0\u1edbc hay l\u00e0m h\u1ecfng m\u1eb7t \u0111\u1ed3ng h\u1ed3.<\/p>\n<p>\u2013 Ch\u1ec9nh n\u00fat ch\u1ec9nh gi\u1edd khi \u0111\u1ed3ng h\u1ed3 b\u1ecb \u01b0\u1edbt.<\/p>\n<p>\u2013 \u0110\u1ec3 \u0111\u1ed3ng h\u1ed3 n\u01a1i nhi\u1ec7t \u0111\u1ed9 thay \u0111\u1ed5i \u0111\u1ed9t ng\u1ed9t.<\/p>\n<p>\u2013 S\u1eed d\u1ee5ng, nh\u1ea5n c\u00e1c n\u00fat ho\u1eb7c c\u00e0i \u0111\u1eb7t \u1edf d\u01b0\u1edbi n\u01b0\u1edbc.<\/p>\n<p><strong>N\u00ean l\u00e0m:<\/strong><\/p>\n<p>\u2013 L\u00e0m s\u1ea1ch \u0111\u1ed3ng h\u1ed3 theo \u0111\u1ecbnh k\u1ef3 v\u1ea3i m\u1ec1m h\u01a1i \u1ea9m \u0111\u1ec3 gia t\u0103ng tu\u1ed5i th\u1ecd \u0111\u1ed3ng h\u1ed3.<\/p>\n<p>\u2013 N\u1ebfu xu\u1ea5t hi\u1ec7n h\u01a1i n\u01b0\u1edbc ng\u01b0ng t\u1ee5, c\u1ea7n mang \u0111\u1ed3ng h\u1ed3 \u0111\u1ebfn Trung T\u00e2m D\u1ecbch V\u1ee5 Kh\u00e1ch H\u00e0ng c\u1ee7a c\u00e1c h\u00e3ng c\u00e0ng nhanh c\u00e0ng t\u1ed1t \u0111\u1ec3 gi\u1ea3m thi\u1ec3u h\u01b0 h\u1ecfng b\u00ean trong.<\/p>\n<p>\u2013 Thay pin khi \u0111\u1ed3ng h\u1ed3 ch\u1ea1y sai gi\u1edd ho\u1eb7c chuy\u1ec3n \u0111\u1ed9ng kim gi\u00e2y kh\u00f4ng \u0111\u1ec1u v\u00ec r\u00f2 r\u1ec9 \u0111i\u1ec7n do pin ch\u1ebft c\u00f3 th\u1ec3 g\u00e2y ra h\u1ecfng h\u00f3c nghi\u00eam tr\u1ecdng cho \u0111\u1ed3ng h\u1ed3.<\/p>\n<p>\u2013 T\u1eaft ngu\u1ed3n khi kh\u00f4ng \u0111\u01b0\u1ee3c s\u1eed d\u1ee5ng trong th\u1eddi gian d\u00e0i, \u0111\u1ec3 k\u00edch ho\u1ea1t c\u00f4ng t\u1eafc b\u1ea3o qu\u1ea3n ngu\u1ed3n \u0111\u1eb7c bi\u1ec7t v\u00e0 tr\u00e1nh hao pin.<\/p>\n","protected":false},"excerpt":{"rendered":"<p>Ch\u1ea5t li\u1ec7u da: D\u00e2y kim lo\u1ea1i<br \/>\nK\u00edch th\u01b0\u1edbc m\u1eb7t s\u00f4: &lt; 29 mm<br \/>\nH\u00ecnh d\u00e1ng m\u1eb7t s\u1ed1: H\u00ecnh tr\u00f2n<br \/>\nM\u00e0u m\u1eb7t s\u1ed1: M\u00e0u \u0111en xanh<\/p>\n","protected":false},"featured_media":5448,"comment_status":"closed","ping_status":"closed","template":"","meta":[],"_links":{"self":[{"href":"https:\/\/korea.com.vn\/shop\/wp-json\/wp\/v2\/product\/5494"}],"collection":[{"href":"https:\/\/korea.com.vn\/shop\/wp-json\/wp\/v2\/product"}],"about":[{"href":"https:\/\/korea.com.vn\/shop\/wp-json\/wp\/v2\/types\/product"}],"replies":[{"embeddable":true,"href":"https:\/\/korea.com.vn\/shop\/wp-json\/wp\/v2\/comments?post=5494"}],"wp:featuredmedia":[{"embeddable":true,"href":"https:\/\/korea.com.vn\/shop\/wp-json\/wp\/v2\/media\/5448"}],"wp:attachment":[{"href":"https:\/\/korea.com.vn\/shop\/wp-json\/wp\/v2\/media?parent=5494"}],"curies":[{"name":"wp","href":"https:\/\/api.w.org\/{rel}","templated":true}]}}